{"id":318,"date":"2021-12-03T07:08:10","date_gmt":"2021-12-03T07:08:10","guid":{"rendered":"https:\/\/stage.startertemplatecloud.com\/g23\/?page_id=318"},"modified":"2024-09-29T13:45:54","modified_gmt":"2024-09-29T13:45:54","slug":"about","status":"publish","type":"page","link":"https:\/\/spiritualpure.com\/de\/about\/","title":{"rendered":"\u00dcber uns"},"content":{"rendered":"<div class=\"wp-block-kadence-column kadence-column318_3392df-a9\"><div class=\"kt-inside-inner-col\">\n<figure class=\"wp-block-kadence-image kb-image318_7934ce-c5 size-full\"><img data-recalc-dims=\"1\" loading=\"lazy\" decoding=\"async\" width=\"1600\" height=\"900\" src=\"https:\/\/i0.wp.com\/spiritualpure.com\/wp-content\/uploads\/2024\/05\/Diverse-Group-p-1600.webp?resize=1600%2C900&#038;ssl=1\" alt=\"\" class=\"kb-img wp-image-1076\" srcset=\"https:\/\/i0.wp.com\/spiritualpure.com\/wp-content\/uploads\/2024\/05\/Diverse-Group-p-1600.webp?w=1600&amp;ssl=1 1600w, https:\/\/i0.wp.com\/spiritualpure.com\/wp-content\/uploads\/2024\/05\/Diverse-Group-p-1600.webp?resize=300%2C169&amp;ssl=1 300w, https:\/\/i0.wp.com\/spiritualpure.com\/wp-content\/uploads\/2024\/05\/Diverse-Group-p-1600.webp?resize=1024%2C576&amp;ssl=1 1024w, https:\/\/i0.wp.com\/spiritualpure.com\/wp-content\/uploads\/2024\/05\/Diverse-Group-p-1600.webp?resize=768%2C432&amp;ssl=1 768w, https:\/\/i0.wp.com\/spiritualpure.com\/wp-content\/uploads\/2024\/05\/Diverse-Group-p-1600.webp?resize=18%2C10&amp;ssl=1 18w\" sizes=\"auto, (max-width: 1000px) 100vw, 1000px\" \/><\/figure>\n<\/div><\/div>\n\n\n\n\n<div class=\"wp-block-kadence-column kadence-column1030_895248-4f inner-column-1\"><div class=\"kt-inside-inner-col\">\n<h2 class=\"kt-adv-heading1030_c0071a-18 wp-block-kadence-advancedheading has-theme-palette-4-color has-text-color\" data-kb-block=\"kb-adv-heading1030_c0071a-18\">Wir hatten in den letzten 18 Monaten ein verr\u00fccktes Wachstum. <\/h2>\n\n\n\n<h2 class=\"kt-adv-heading1030_78a111-b5 wp-block-kadence-advancedheading\" data-kb-block=\"kb-adv-heading1030_78a111-b5\">Aber wir haben ein Problem.<\/h2>\n\n\n\n<div class=\"wp-block-kadence-icon kt-svg-icons kt-svg-icons1030_f240ee-d0 alignnone\">\n<div class=\"wp-block-kadence-single-icon kt-svg-style-default kt-svg-icon-wrap kt-svg-item-1030_fa9882-1b\"><span data-name=\"fe_chevronsDown\" data-stroke=\"2\" class=\"kadence-dynamic-icon\"><\/span><\/div>\n<\/div>\n<\/div><\/div>\n\n\n\n<div class=\"wp-block-kadence-column kadence-column1030_1f562e-9a inner-column-2\"><div class=\"kt-inside-inner-col\">\n\n<div class=\"wp-block-kadence-column kadence-column1030_1ad6a8-71 kvs-sm-false inner-column-1\"><div class=\"kt-inside-inner-col\">\n<figure class=\"wp-block-kadence-image kb-image1030_81e8f2-70 size-full kb-image-is-ratio-size is-style-rounded change\"><div class=\"kb-is-ratio-image kb-image-ratio-square\"><img data-recalc-dims=\"1\" loading=\"lazy\" decoding=\"async\" width=\"1820\" height=\"1020\" src=\"https:\/\/i0.wp.com\/spiritualpure.com\/wp-content\/uploads\/2024\/09\/An_oil_painting_in_high_renaissance_style_depicting_27b58_03434.webp?resize=1820%2C1020&#038;ssl=1\" alt=\"\" class=\"kb-img wp-image-10458\" srcset=\"https:\/\/i0.wp.com\/spiritualpure.com\/wp-content\/uploads\/2024\/09\/An_oil_painting_in_high_renaissance_style_depicting_27b58_03434.webp?w=1820&amp;ssl=1 1820w, https:\/\/i0.wp.com\/spiritualpure.com\/wp-content\/uploads\/2024\/09\/An_oil_painting_in_high_renaissance_style_depicting_27b58_03434.webp?resize=600%2C336&amp;ssl=1 600w, https:\/\/i0.wp.com\/spiritualpure.com\/wp-content\/uploads\/2024\/09\/An_oil_painting_in_high_renaissance_style_depicting_27b58_03434.webp?resize=768%2C430&amp;ssl=1 768w, https:\/\/i0.wp.com\/spiritualpure.com\/wp-content\/uploads\/2024\/09\/An_oil_painting_in_high_renaissance_style_depicting_27b58_03434.webp?resize=1536%2C861&amp;ssl=1 1536w, https:\/\/i0.wp.com\/spiritualpure.com\/wp-content\/uploads\/2024\/09\/An_oil_painting_in_high_renaissance_style_depicting_27b58_03434.webp?resize=18%2C10&amp;ssl=1 18w\" sizes=\"auto, (max-width: 1000px) 100vw, 1000px\" \/><\/div><\/figure>\n<\/div><\/div>\n\n\n\n<div class=\"wp-block-kadence-column kadence-column1030_812d89-8b inner-column-2\"><div class=\"kt-inside-inner-col\">\n<div class=\"wp-block-kadence-infobox kt-info-box1030_29e708-2d\"><span class=\"kt-blocks-info-box-link-wrap info-box-link kt-blocks-info-box-media-align-top kt-info-halign-left\"><div class=\"kt-infobox-textcontent\"><h3 class=\"kt-blocks-info-box-title\">500.000+<\/h3><p class=\"kt-blocks-info-box-text\">Monatlich aktive Leser<\/p><\/div><\/span><\/div>\n\n\n\n<div class=\"wp-block-kadence-infobox kt-info-box1030_2d11e1-c0\"><span class=\"kt-blocks-info-box-link-wrap info-box-link kt-blocks-info-box-media-align-top kt-info-halign-left\"><div class=\"kt-infobox-textcontent\"><h3 class=\"kt-blocks-info-box-title\">20%+<\/h3><p class=\"kt-blocks-info-box-text\">Monat \u00fcber Monat Wachstum<\/p><\/div><\/span><\/div>\n\n\n\n<div class=\"wp-block-kadence-infobox kt-info-box1030_a659d4-51\"><span class=\"kt-blocks-info-box-link-wrap info-box-link kt-blocks-info-box-media-align-top kt-info-halign-left\"><div class=\"kt-infobox-textcontent\"><h3 class=\"kt-blocks-info-box-title\">10.000+<\/h3><p class=\"kt-blocks-info-box-text\">Monatliche E-Mail-Abonnenten<\/p><\/div><\/span><\/div>\n<\/div><\/div>\n\n<\/div><\/div>\n\n\n\n\n\n<div class=\"wp-block-kadence-column kadence-column10933_0e8a06-11\"><div class=\"kt-inside-inner-col\">\n<h2 class=\"kt-adv-heading10933_6dd5d3-6b wp-block-kadence-advancedheading has-theme-palette-9-color has-text-color\" data-kb-block=\"kb-adv-heading10933_6dd5d3-6b\"><strong>weniger als 1% Die Leser s\u00e4en in diese Bewegung hinein. <\/strong><\/h2>\n<\/div><\/div>\n\n\n\n<div class=\"wp-block-kadence-column kadence-column10933_42a82b-3f kb-section-dir-vertical kb-section-md-dir-vertical kb-section-sm-dir-vertical\"><div class=\"kt-inside-inner-col\">\n\n<div class=\"wp-block-kadence-column kadence-column10933_546dff-f3\"><div class=\"kt-inside-inner-col\">\n<div class=\"wp-block-kadence-countup kb-count-up-10933_356a17-92 kb-count-up\" data-start=\"0\" data-end=\"362\" data-prefix=\"\" data-suffix=\"\" data-duration=\"2.5\" data-separator=\"\"><div class=\"kb-count-up-process kb-count-up-number\"><\/div><div class=\"kb-count-up-title\">Spenden in diesem Jahr<\/div><\/div>\n\n\n\n<div class=\"wp-block-kadence-advancedbtn kb-buttons-wrap kb-btns10933_9470e6-56\"><\/div>\n<\/div><\/div>\n\n<\/div><\/div>\n\n\n\n\n\n<div class=\"wp-block-kadence-column kadence-column1030_641f83-31\"><div class=\"kt-inside-inner-col\">\n<a href=\"#XTKQPAWW\" style=\"display: none\"><\/a>\n<\/div><\/div>\n\n\n\n<div class=\"wp-block-kadence-column kadence-column1030_ad8e91-8e inner-column-1\"><div class=\"kt-inside-inner-col\">\n<h2 class=\"kt-adv-heading1030_0656de-bc wp-block-kadence-advancedheading has-theme-palette-9-color has-text-color\" data-kb-block=\"kb-adv-heading1030_0656de-bc\">Wir sind dankbar f\u00fcr jeden Unterst\u00fctzer.<\/h2>\n\n\n\n<p class=\"kt-adv-heading1030_314a14-85 wp-block-kadence-advancedheading has-theme-palette-8-color has-text-color\" data-kb-block=\"kb-adv-heading1030_314a14-85\">Jeden Tag spenden und unterst\u00fctzen regelm\u00e4\u00dfige Menschen wie Sie diese Bewegung und halten sie am Laufen.<\/p>\n\n\n\n<div class=\"wp-block-kadence-advancedbtn kb-buttons-wrap kb-btns1030_2521a0-a2\"><\/div>\n<\/div><\/div>\n\n\n\n\n\n<div class=\"wp-block-kadence-column kadence-column10923_1e216a-29 inner-column-2\"><div class=\"kt-inside-inner-col\">\n<h2 class=\"kt-adv-heading10923_db527d-fb wp-block-kadence-advancedheading has-theme-palette-3-color has-text-color\" data-kb-block=\"kb-adv-heading10923_db527d-fb\">Aber stellen Sie sich vor, was wir erreichen k\u00f6nnten, wenn wir alle als Gl\u00e4ubige zusammenk\u00e4men.<\/h2>\n<\/div><\/div>\n\n\n\n<div class=\"wp-block-kadence-column kadence-column10923_5df203-2f inner-column-1\"><div class=\"kt-inside-inner-col\">\n<div class=\"wp-block-kadence-column kadence-column10923_3afcdb-8e\"><div class=\"kt-inside-inner-col\">\n<figure class=\"wp-block-kadence-image kb-image10923_880efc-a9 kb-image-is-ratio-size\"><div class=\"kb-is-ratio-image kb-image-ratio-square\"><img data-recalc-dims=\"1\" loading=\"lazy\" decoding=\"async\" width=\"1720\" height=\"1080\" src=\"https:\/\/i0.wp.com\/spiritualpure.com\/wp-content\/uploads\/2024\/09\/lamb_symbol_of_sacrifice_sitting_calmly_in_the_stylea8e78_04038.webp?resize=1720%2C1080&#038;ssl=1\" alt=\"\" class=\"kb-img wp-image-10552\" srcset=\"https:\/\/i0.wp.com\/spiritualpure.com\/wp-content\/uploads\/2024\/09\/lamb_symbol_of_sacrifice_sitting_calmly_in_the_stylea8e78_04038.webp?w=1720&amp;ssl=1 1720w, https:\/\/i0.wp.com\/spiritualpure.com\/wp-content\/uploads\/2024\/09\/lamb_symbol_of_sacrifice_sitting_calmly_in_the_stylea8e78_04038.webp?resize=600%2C377&amp;ssl=1 600w, https:\/\/i0.wp.com\/spiritualpure.com\/wp-content\/uploads\/2024\/09\/lamb_symbol_of_sacrifice_sitting_calmly_in_the_stylea8e78_04038.webp?resize=768%2C482&amp;ssl=1 768w, https:\/\/i0.wp.com\/spiritualpure.com\/wp-content\/uploads\/2024\/09\/lamb_symbol_of_sacrifice_sitting_calmly_in_the_stylea8e78_04038.webp?resize=1536%2C964&amp;ssl=1 1536w, https:\/\/i0.wp.com\/spiritualpure.com\/wp-content\/uploads\/2024\/09\/lamb_symbol_of_sacrifice_sitting_calmly_in_the_stylea8e78_04038.webp?resize=18%2C12&amp;ssl=1 18w\" sizes=\"auto, (max-width: 1000px) 100vw, 1000px\" \/><\/div><\/figure>\n<\/div><\/div>\n\n\n\n<figure class=\"wp-block-kadence-image kb-image10923_fa54ea-1b kb-image-is-ratio-size\"><div class=\"kb-is-ratio-image kb-image-ratio-square\"><img data-recalc-dims=\"1\" loading=\"lazy\" decoding=\"async\" width=\"1720\" height=\"1080\" src=\"https:\/\/i0.wp.com\/spiritualpure.com\/wp-content\/uploads\/2024\/09\/mosaic_portrayal_of_saint_peter_holding_the_keys_t48ee2_00448.webp?resize=1720%2C1080&#038;ssl=1\" alt=\"\" class=\"kb-img wp-image-10910\" srcset=\"https:\/\/i0.wp.com\/spiritualpure.com\/wp-content\/uploads\/2024\/09\/mosaic_portrayal_of_saint_peter_holding_the_keys_t48ee2_00448.webp?w=1720&amp;ssl=1 1720w, https:\/\/i0.wp.com\/spiritualpure.com\/wp-content\/uploads\/2024\/09\/mosaic_portrayal_of_saint_peter_holding_the_keys_t48ee2_00448.webp?resize=600%2C377&amp;ssl=1 600w, https:\/\/i0.wp.com\/spiritualpure.com\/wp-content\/uploads\/2024\/09\/mosaic_portrayal_of_saint_peter_holding_the_keys_t48ee2_00448.webp?resize=768%2C482&amp;ssl=1 768w, https:\/\/i0.wp.com\/spiritualpure.com\/wp-content\/uploads\/2024\/09\/mosaic_portrayal_of_saint_peter_holding_the_keys_t48ee2_00448.webp?resize=1536%2C964&amp;ssl=1 1536w, https:\/\/i0.wp.com\/spiritualpure.com\/wp-content\/uploads\/2024\/09\/mosaic_portrayal_of_saint_peter_holding_the_keys_t48ee2_00448.webp?resize=18%2C12&amp;ssl=1 18w\" sizes=\"auto, (max-width: 1000px) 100vw, 1000px\" \/><\/div><\/figure>\n\n\n\n<div class=\"wp-block-kadence-column kadence-column10923_bd0d06-06\"><div class=\"kt-inside-inner-col\">\n<figure class=\"wp-block-kadence-image kb-image10923_08d6fd-de kb-image-is-ratio-size\"><div class=\"kb-is-ratio-image kb-image-ratio-land43\"><img data-recalc-dims=\"1\" loading=\"lazy\" decoding=\"async\" width=\"1720\" height=\"1080\" src=\"https:\/\/i0.wp.com\/spiritualpure.com\/wp-content\/uploads\/2024\/09\/painting_of_a_dove_carrying_an_olive_branch_in_a_re5a_0000978.webp?resize=1720%2C1080&#038;ssl=1\" alt=\"\" class=\"kb-img wp-image-10472\" srcset=\"https:\/\/i0.wp.com\/spiritualpure.com\/wp-content\/uploads\/2024\/09\/painting_of_a_dove_carrying_an_olive_branch_in_a_re5a_0000978.webp?w=1720&amp;ssl=1 1720w, https:\/\/i0.wp.com\/spiritualpure.com\/wp-content\/uploads\/2024\/09\/painting_of_a_dove_carrying_an_olive_branch_in_a_re5a_0000978.webp?resize=600%2C377&amp;ssl=1 600w, https:\/\/i0.wp.com\/spiritualpure.com\/wp-content\/uploads\/2024\/09\/painting_of_a_dove_carrying_an_olive_branch_in_a_re5a_0000978.webp?resize=768%2C482&amp;ssl=1 768w, https:\/\/i0.wp.com\/spiritualpure.com\/wp-content\/uploads\/2024\/09\/painting_of_a_dove_carrying_an_olive_branch_in_a_re5a_0000978.webp?resize=1536%2C964&amp;ssl=1 1536w, https:\/\/i0.wp.com\/spiritualpure.com\/wp-content\/uploads\/2024\/09\/painting_of_a_dove_carrying_an_olive_branch_in_a_re5a_0000978.webp?resize=18%2C12&amp;ssl=1 18w\" sizes=\"auto, (max-width: 1000px) 100vw, 1000px\" \/><\/div><\/figure>\n<\/div><\/div>\n<\/div><\/div>\n\n\n\n\n\n<div class=\"wp-block-kadence-column kadence-column1030_e4b9f1-10\"><div class=\"kt-inside-inner-col\">\n\n<div class=\"wp-block-kadence-column kadence-column1030_3c8f01-ee\"><div class=\"kt-inside-inner-col\">\n<h2 class=\"kt-adv-heading1030_7940a5-e8 wp-block-kadence-advancedheading has-theme-palette-9-color has-text-color\" data-kb-block=\"kb-adv-heading1030_7940a5-e8\">$2 pro Monat ist alles, was es braucht, um eine Bewegung zu wachsen.<\/h2>\n<\/div><\/div>\n\n<\/div><\/div>\n\n\n\n<div class=\"wp-block-kadence-column kadence-column1030_9d019d-b3\"><div class=\"kt-inside-inner-col\">\n\n<div class=\"wp-block-kadence-column kadence-column1030_a99a9c-16\"><div class=\"kt-inside-inner-col\">\n<div class=\"wp-block-kadence-advancedbtn kb-buttons-wrap kb-btns1030_91fea1-79\"><\/div>\n<\/div><\/div>\n\n<\/div><\/div>\n\n\n\n\n<div class=\"wp-block-group alignfull has-global-padding is-layout-constrained wp-block-group-is-layout-constrained\">\n\n<div class=\"wp-block-kadence-column kadence-column4909_1d7202-20\"><div class=\"kt-inside-inner-col\">\n<h2 class=\"kt-adv-heading4909_6f8d35-e9 wp-block-kadence-advancedheading has-theme-palette-3-color has-text-color\" data-kb-block=\"kb-adv-heading4909_6f8d35-e9\">Mission in 3 Worten:<\/h2>\n<\/div><\/div>\n\n\n\n<div class=\"wp-block-kadence-column kadence-column4909_1886bf-70\"><div class=\"kt-inside-inner-col\">\n<h5 class=\"kt-adv-heading4909_ca6f0f-24 wp-block-kadence-advancedheading\" data-kb-block=\"kb-adv-heading4909_ca6f0f-24\">Christliche Elektrowerkzeuge<\/h5>\n<\/div><\/div>\n\n\n\n\n\n<div class=\"wp-block-kadence-column kadence-column4909_7b764b-ab\"><div class=\"kt-inside-inner-col\">\n<h2 class=\"kt-adv-heading4909_47f12e-78 wp-block-kadence-advancedheading has-theme-palette-3-color has-text-color\" data-kb-block=\"kb-adv-heading4909_47f12e-78\">Mission in 10 Worten:<\/h2>\n<\/div><\/div>\n\n\n\n<div class=\"wp-block-kadence-column kadence-column4909_8520a4-0d\"><div class=\"kt-inside-inner-col\">\n<h5 class=\"kt-adv-heading4909_c572fb-01 wp-block-kadence-advancedheading\" data-kb-block=\"kb-adv-heading4909_c572fb-01\">Bef\u00e4higung von Christen weltweit mit praktischen Werkzeugen, um ein richtiges christliches Leben zu f\u00fchren.<\/h5>\n<\/div><\/div>\n\n\n\n\n\n<div class=\"wp-block-kadence-column kadence-column4909_e5a361-5e\"><div class=\"kt-inside-inner-col\">\n<h2 class=\"kt-adv-heading4909_1aaca7-72 wp-block-kadence-advancedheading has-theme-palette-3-color has-text-color\" data-kb-block=\"kb-adv-heading4909_1aaca7-72\">Vision:<\/h2>\n<\/div><\/div>\n\n\n\n<div class=\"wp-block-kadence-column kadence-column4909_05fe82-44\"><div class=\"kt-inside-inner-col\">\n<h5 class=\"kt-adv-heading4909_c87361-49 wp-block-kadence-advancedheading\" data-kb-block=\"kb-adv-heading4909_c87361-49\">Die vertrauensw\u00fcrdigste christliche Informationsquelle, die alle Themen des Lebens aus der Perspektive christlicher Werte und mit christlicher Integrit\u00e4t abdeckt.<\/h5>\n<\/div><\/div>\n\n<\/div>\n\n\n\n\n<div class=\"wp-block-kadence-column kadence-column318_875853-fc inner-column-1\"><div class=\"kt-inside-inner-col\">\n<h1 class=\"kt-adv-heading318_ad1171-09 wp-block-kadence-advancedheading has-theme-palette-3-color has-text-color\" data-kb-block=\"kb-adv-heading318_ad1171-09\">Unsere \u00dcberzeugungen<\/h1>\n<\/div><\/div>\n\n\n\n<div class=\"wp-block-kadence-column kadence-column318_fbd7d4-a9\"><div class=\"kt-inside-inner-col\">\n<h3 class=\"wp-block-heading has-large-font-size\">Christus als Vorbild zum Streben<\/h3>\n\n\n\n<p>Wir glauben, dass das Beispiel Christi das ist, wonach wir alle streben sollten. Sowohl in seiner Liebe und Gro\u00dfz\u00fcgigkeit als auch in seinem Mut, sich der Ungerechtigkeit zu stellen, die Wahrheit zu sagen und sogar zu k\u00e4mpfen, wenn n\u00f6tig.<\/p>\n\n\n\n<h3 class=\"wp-block-heading has-large-font-size\">Autorit\u00e4t der kirchlichen Institutionen<\/h3>\n\n\n\n<p>Wir glauben an die Autorit\u00e4t traditioneller kirchlicher Institutionen, die Jesus selbst geschaffen hat (Matth\u00e4us 16,19), um den Weg zu weisen und die Schrift und den Willen Gottes f\u00fcr das Volk auszulegen. Obwohl alle Zugang zu Gottes Stimme haben, sind die Menschen in den traditionellen kirchlichen Einrichtungen ausgebildete Fachleute, die ihre ganze Zeit damit verbringen, von Gott zu h\u00f6ren. Die meisten Menschen sind einfach zu abgelenkt, um auf die gleiche Weise wie die kirchlichen Autorit\u00e4ten von Gott zu h\u00f6ren.<\/p>\n\n\n\n<h3 class=\"wp-block-heading has-large-font-size\">Evolution als Werkzeug Gottes <\/h3>\n\n\n\n<p>Wir glauben an das Konzept der theistischen Evolution, wie es von der&nbsp;<a href=\"https:\/\/en.m.wikipedia.org\/wiki\/Catholic_Church\">Katholische Kirche<\/a>,&nbsp;<a href=\"https:\/\/en.m.wikipedia.org\/wiki\/Evangelical_Lutheran_Church_in_America\">Evangelisch-Lutherische Kirche in Amerika<\/a>,&nbsp;<a href=\"https:\/\/en.m.wikipedia.org\/wiki\/Episcopal_Church_(United_States)\">Episkopalkirche (Vereinigte Staaten)<\/a>, und einige andere&nbsp;<a href=\"https:\/\/en.m.wikipedia.org\/wiki\/Mainline_(Protestant)\">Mainline protestantisch&nbsp;<\/a>St\u00fcckelungen; Praktisch alle&nbsp;<a href=\"https:\/\/en.m.wikipedia.org\/wiki\/Judaism\">j\u00fcdisch&nbsp;<\/a>St\u00fcckelungen; Andere Religionsgemeinschaften, denen es an einer&nbsp;<a href=\"https:\/\/en.m.wikipedia.org\/wiki\/Biblical_literalism\">literalist<\/a>&nbsp;Haltung in Bezug auf einige heilige&nbsp;<a href=\"https:\/\/en.m.wikipedia.org\/wiki\/Scripture\">Schriften<\/a>. Verschiedene biblische Literalisten haben Offenheit f\u00fcr diese Haltung akzeptiert oder bemerkt, einschlie\u00dflich Theologe&nbsp;<a href=\"https:\/\/en.m.wikipedia.org\/wiki\/Benjamin_Breckinridge_Warfield\">B.B. Warfield<\/a>&nbsp;und Evangelist&nbsp;<a href=\"https:\/\/en.m.wikipedia.org\/wiki\/Billy_Graham\">Billy Graham<\/a>. Wir lehnen ausdr\u00fccklich den Glauben junger Erdkreationisten als r\u00fcckst\u00e4ndig und giftig f\u00fcr die Zukunft des Christentums ab.<\/p>\n\n\n\n<h3 class=\"wp-block-heading has-large-font-size\">Eind\u00e4mmung des B\u00f6sen<\/h3>\n\n\n\n<p>Wir glauben, dass es das wahre B\u00f6se gibt. Wir lehnen die Idee der&nbsp;<a href=\"https:\/\/en.wikipedia.org\/wiki\/Absence_of_good\" target=\"_blank\" rel=\"noreferrer noopener\">privatio boni<\/a>. Das B\u00f6se ist nicht nur die Abwesenheit des Guten, sondern eine Kraft, die absichtlich zu zerst\u00f6ren sucht. Unsere Mission als Christen ist es, die Gegenwart des B\u00f6sen auf der Erde zu erkennen und das B\u00f6se einzud\u00e4mmen, bis der Herr zur\u00fcckkehrt.<\/p>\n\n\n\n<h3 class=\"wp-block-heading has-large-font-size\">Satan als Werkzeug Gottes<\/h3>\n\n\n\n<p>Trotz der Existenz des B\u00f6sen glauben wir, dass Gott \u00fcber uns herrscht mit Christus in der einen Hand und Satan in der anderen. Wenn wir einen gr\u00f6\u00dferen, verkleinerten Blick auf das Ganze werfen, glauben wir, dass Satans b\u00f6se Machenschaften und unser Kampf, sie einzud\u00e4mmen, dazu dienen, das Wachstum der Menschheit zum Ebenbild Gottes hin zu schaffen.<\/p>\n<\/div><\/div>\n\n\n\n\n\n<div class=\"wp-block-kadence-column kadence-column10408_7dc9bd-75\"><div class=\"kt-inside-inner-col\">\n<h6 class=\"kt-adv-heading10408_5c4981-6f wp-block-kadence-advancedheading has-theme-palette-1-color has-text-color\" data-kb-block=\"kb-adv-heading10408_5c4981-6f\">IHRE GIVING \u00c4NDERUNGEN LEBEN<\/h6>\n\n\n\n<h2 class=\"kt-adv-heading10408_5a2341-ee wp-block-kadence-advancedheading has-theme-palette-3-color has-text-color\" data-kb-block=\"kb-adv-heading10408_5a2341-ee\">Was wir mit Ihren Spenden machen<\/h2>\n\n\n\n<p class=\"kt-adv-heading10408_d66766-c3 wp-block-kadence-advancedheading has-theme-palette-3-color has-text-color\" data-kb-block=\"kb-adv-heading10408_d66766-c3\">Spenden von Menschen wie dir helfen uns, den gerechten Kampf zu k\u00e4mpfen:<\/p>\n\n\n\n\n<div class=\"wp-block-kadence-column kadence-column10408_3d5f95-e9\"><div class=\"kt-inside-inner-col\">\n<h3 class=\"kt-adv-heading10408_447fde-2d wp-block-kadence-advancedheading has-theme-palette-4-color has-text-color\" data-kb-block=\"kb-adv-heading10408_447fde-2d\">Verfolgte Christen unterst\u00fctzen<\/h3>\n\n\n\n<p class=\"kt-adv-heading10408_ec2ae6-ee wp-block-kadence-advancedheading\" data-kb-block=\"kb-adv-heading10408_ec2ae6-ee\">Jeden Tag werden Millionen Christen verfolgt. Wir helfen Ihnen, Sicherheit und Unterst\u00fctzung zu finden.<\/p>\n\n\n\n<div class=\"wp-block-kadence-spacer aligncenter kt-block-spacer-10408_9e2360-40\"><div class=\"kt-block-spacer kt-block-spacer-halign-center\"><hr class=\"kt-divider\"\/><\/div><\/div>\n\n\n\n<h3 class=\"kt-adv-heading10408_85349c-4d wp-block-kadence-advancedheading has-theme-palette-4-color has-text-color\" data-kb-block=\"kb-adv-heading10408_85349c-4d\">Christliche Familien in Not unterst\u00fctzen<\/h3>\n\n\n\n<p class=\"kt-adv-heading10408_640cb2-63 wp-block-kadence-advancedheading\" data-kb-block=\"kb-adv-heading10408_640cb2-63\">Wir helfen hungernden Familien mit Lebensmitteln und helfen, Kinder wieder in die Schule zu bringen.<\/p>\n<\/div><\/div>\n\n\n\n<div class=\"wp-block-kadence-column kadence-column10408_f9ea92-6f\"><div class=\"kt-inside-inner-col\">\n<figure class=\"wp-block-kadence-image kb-image10408_942fcc-f7 kb-image-is-ratio-size\"><div class=\"kb-is-ratio-image kb-image-ratio-port23\"><img data-recalc-dims=\"1\" loading=\"lazy\" decoding=\"async\" width=\"1720\" height=\"1080\" src=\"https:\/\/i0.wp.com\/spiritualpure.com\/wp-content\/uploads\/2024\/09\/watercolor_style_with_realism_jesus_holding_a_lamb_i227c2_05004.webp?resize=1720%2C1080&#038;ssl=1\" class=\"kb-img wp-image-10763\" srcset=\"https:\/\/i0.wp.com\/spiritualpure.com\/wp-content\/uploads\/2024\/09\/watercolor_style_with_realism_jesus_holding_a_lamb_i227c2_05004.webp?w=1720&amp;ssl=1 1720w, https:\/\/i0.wp.com\/spiritualpure.com\/wp-content\/uploads\/2024\/09\/watercolor_style_with_realism_jesus_holding_a_lamb_i227c2_05004.webp?resize=600%2C377&amp;ssl=1 600w, https:\/\/i0.wp.com\/spiritualpure.com\/wp-content\/uploads\/2024\/09\/watercolor_style_with_realism_jesus_holding_a_lamb_i227c2_05004.webp?resize=768%2C482&amp;ssl=1 768w, https:\/\/i0.wp.com\/spiritualpure.com\/wp-content\/uploads\/2024\/09\/watercolor_style_with_realism_jesus_holding_a_lamb_i227c2_05004.webp?resize=1536%2C964&amp;ssl=1 1536w, https:\/\/i0.wp.com\/spiritualpure.com\/wp-content\/uploads\/2024\/09\/watercolor_style_with_realism_jesus_holding_a_lamb_i227c2_05004.webp?resize=18%2C12&amp;ssl=1 18w\" sizes=\"auto, (max-width: 1000px) 100vw, 1000px\" \/><\/div><\/figure>\n\n\n\n<div class=\"wp-block-kadence-advancedbtn kb-buttons-wrap kb-btns10408_58fcde-1a\"><\/div>\n<\/div><\/div>\n\n\n\n<div class=\"wp-block-kadence-column kadence-column10408_5e47f8-10\"><div class=\"kt-inside-inner-col\">\n<h3 class=\"kt-adv-heading10408_a8dcd6-4d wp-block-kadence-advancedheading has-theme-palette-4-color has-text-color\" data-kb-block=\"kb-adv-heading10408_a8dcd6-4d\">Bek\u00e4mpfung der Ausbreitung des islamischen Terrorismus<\/h3>\n\n\n\n<p class=\"kt-adv-heading10408_652709-d0 wp-block-kadence-advancedheading\" data-kb-block=\"kb-adv-heading10408_652709-d0\">Islamische Terroristen sind die gr\u00f6\u00dfte Bedrohung f\u00fcr die freie Welt, und wir helfen, ihre Verbreitung durch Evangelisation des Evangeliums zu stoppen.<\/p>\n\n\n\n<div class=\"wp-block-kadence-spacer aligncenter kt-block-spacer-10408_7d7e60-d2\"><div class=\"kt-block-spacer kt-block-spacer-halign-center\"><hr class=\"kt-divider\"\/><\/div><\/div>\n\n\n\n<h3 class=\"kt-adv-heading10408_335d51-65 wp-block-kadence-advancedheading has-theme-palette-4-color has-text-color\" data-kb-block=\"kb-adv-heading10408_335d51-65\">Wachstum und Evangelisation auf der ganzen Welt<\/h3>\n\n\n\n<p class=\"kt-adv-heading10408_e2f270-97 wp-block-kadence-advancedheading\" data-kb-block=\"kb-adv-heading10408_e2f270-97\">Wir wachsen weiter in den Medien und schreiben qualitativ hochwertige Inhalte f\u00fcr Sie, unsere Leser.<\/p>\n<\/div><\/div>\n\n<\/div><\/div>\n\n\n\n\n\n<div class=\"wp-block-kadence-column kadence-column318_9e3560-36\"><div class=\"kt-inside-inner-col\">\n\n<div class=\"wp-block-kadence-column kadence-column318_765629-23\"><div class=\"kt-inside-inner-col\">\n<h2 class=\"kt-adv-heading318_1e7530-3f wp-block-kadence-advancedheading has-theme-palette-9-color has-text-color\" data-kb-block=\"kb-adv-heading318_1e7530-3f\">$2 pro Monat ist alles, was es braucht, um eine Bewegung zu wachsen.<\/h2>\n<\/div><\/div>\n\n<\/div><\/div>\n\n\n\n<div class=\"wp-block-kadence-column kadence-column318_5f211e-2f\"><div class=\"kt-inside-inner-col\">\n\n<div class=\"wp-block-kadence-column kadence-column318_5fc819-56\"><div class=\"kt-inside-inner-col\">\n<div class=\"wp-block-kadence-advancedbtn kb-buttons-wrap kb-btns318_a2fdd8-53\"><\/div>\n<\/div><\/div>\n\n<\/div><\/div>","protected":false},"excerpt":{"rendered":"","protected":false},"author":1,"featured_media":0,"parent":0,"menu_order":0,"comment_status":"closed","ping_status":"closed","template":"","meta":{"_acf_changed":false,"footnotes":""},"class_list":["post-318","page","type-page","status-publish","hentry"],"mb":[],"acf":[],"jetpack_sharing_enabled":true,"jetpack-related-posts":[],"jetpack_likes_enabled":true,"mfb_rest_fields":["title","wpcom_performance_report_url","jetpack_sharing_enabled","jetpack-related-posts","jetpack_likes_enabled"],"_links":{"self":[{"href":"https:\/\/spiritualpure.com\/de\/wp-json\/wp\/v2\/pages\/318","targetHints":{"allow":["GET"]}}],"collection":[{"href":"https:\/\/spiritualpure.com\/de\/wp-json\/wp\/v2\/pages"}],"about":[{"href":"https:\/\/spiritualpure.com\/de\/wp-json\/wp\/v2\/types\/page"}],"author":[{"embeddable":true,"href":"https:\/\/spiritualpure.com\/de\/wp-json\/wp\/v2\/users\/1"}],"replies":[{"embeddable":true,"href":"https:\/\/spiritualpure.com\/de\/wp-json\/wp\/v2\/comments?post=318"}],"version-history":[{"count":0,"href":"https:\/\/spiritualpure.com\/de\/wp-json\/wp\/v2\/pages\/318\/revisions"}],"wp:attachment":[{"href":"https:\/\/spiritualpure.com\/de\/wp-json\/wp\/v2\/media?parent=318"}],"curies":[{"name":"wp","href":"https:\/\/api.w.org\/{rel}","templated":true}]}}