{"id":7,"date":"2022-05-05T15:47:43","date_gmt":"2022-05-05T15:47:43","guid":{"rendered":"https:\/\/startertemplatecloud.com\/g23\/?page_id=7"},"modified":"2025-04-01T16:03:10","modified_gmt":"2025-04-01T16:03:10","slug":"home","status":"publish","type":"page","link":"https:\/\/spiritualpure.com\/es\/","title":{"rendered":"Hogar"},"content":{"rendered":"<div class=\"wp-block-group alignfull is-layout-flow wp-block-group-is-layout-flow\" style=\"margin-top:0;margin-bottom:0;padding-top:calc( 0.5 * var(--wp--style--root--padding-right, var(--wp--custom--gap--horizontal)));padding-right:var(--wp--style--root--padding-right, var(--wp--custom--gap--horizontal));padding-bottom:calc( 0.5 * var(--wp--style--root--padding-right, var(--wp--custom--gap--horizontal)));padding-left:var(--wp--style--root--padding-left, var(--wp--custom--gap--horizontal))\">\n<div style=\"height:calc( 0.25 * var(--wp--style--root--padding-right, var(--wp--custom--gap--horizontal)))\" aria-hidden=\"true\" class=\"wp-block-spacer\"><\/div>\n\n\n\n<div class=\"wp-block-group has-background has-global-padding is-layout-constrained wp-container-core-group-is-layout-a788cced wp-block-group-is-layout-constrained\" style=\"background:radial-gradient(rgb(0,143,126) 0%,rgb(0,89,79) 100%);padding-top:var(--wp--preset--spacing--80);padding-bottom:var(--wp--preset--spacing--80)\">\n<h2 class=\"wp-block-heading alignwide has-text-align-center has-tertiary-color has-text-color has-link-color has-xx-large-font-size wp-elements-73514dbd12b5cbd81cf9d49e11dd4e67\">Encuentra tu curaci\u00f3n<\/h2>\n\n\n\n<p class=\"has-text-align-center has-background-color has-text-color has-link-color wp-elements-a0f3821df568da86f3ca94d46c2abdcc\">Encuentra claridad, paz y fuerza interior. Explore herramientas pr\u00e1cticas e ideas inspiradoras para su viaje espiritual, dise\u00f1adas para ayudarlo a vivir una vida m\u00e1s aut\u00e9ntica y satisfactoria.<\/p>\n<\/div>\n<\/div>\n\n\n\n<div class=\"wp-block-group alignfull has-global-padding is-layout-constrained wp-block-group-is-layout-constrained\"><ul class=\"wp-block-latest-posts__list is-grid columns-2 alignwide wp-block-latest-posts\"><li><a class=\"wp-block-latest-posts__post-title\" href=\"https:\/\/spiritualpure.com\/es\/crystals\/sunstone-its-light-and-healing-power\/\">Piedra solar: Su Luz y Poder Curativo<\/a><\/li>\n<li><a class=\"wp-block-latest-posts__post-title\" href=\"https:\/\/spiritualpure.com\/es\/crystals\/spiritual-meaning-of-hematite\/\">Cristales: \u00bfLa hematita es espiritualmente significativa m\u00e1s all\u00e1 de la curaci\u00f3n?<\/a><\/li>\n<li><a class=\"wp-block-latest-posts__post-title\" href=\"https:\/\/spiritualpure.com\/es\/numerology\/angel-number-8888-meaning\/\">Numerolog\u00eda: \u00bfQu\u00e9 significa el n\u00famero de \u00e1ngel 8888 para usted?<\/a><\/li>\n<li><a class=\"wp-block-latest-posts__post-title\" href=\"https:\/\/spiritualpure.com\/es\/crystals\/spiritual-meaning-of-tigers-eye\/\">Cristales: \u00bfCu\u00e1l es el significado espiritual del ojo de tigre?<\/a><\/li>\n<li><a class=\"wp-block-latest-posts__post-title\" href=\"https:\/\/spiritualpure.com\/es\/numerology\/spiritual-significance-angel-number-9\/\">Numerolog\u00eda: \u00bfCu\u00e1l es el significado espiritual del \u00c1ngel N\u00famero 9?<\/a><\/li>\n<li><a class=\"wp-block-latest-posts__post-title\" href=\"https:\/\/spiritualpure.com\/es\/crystals\/labradorite-key-properties\/\">Cristales: \u00bfQu\u00e9 hace de la labradorita una piedra m\u00e1gica?<\/a><\/li>\n<li><a class=\"wp-block-latest-posts__post-title\" href=\"https:\/\/spiritualpure.com\/es\/numerology\/angel-number-2222-meaning\/\">Numerolog\u00eda: \u00bfQu\u00e9 significa el n\u00famero de \u00e1ngel 2222?<\/a><\/li>\n<li><a class=\"wp-block-latest-posts__post-title\" href=\"https:\/\/spiritualpure.com\/es\/numerology\/angel-numbers\/555-angel-number-meaning\/\">N\u00fameros de \u00e1ngel: \u00bfQu\u00e9 significa 555 espiritualmente?<\/a><\/li>\n<li><a class=\"wp-block-latest-posts__post-title\" href=\"https:\/\/spiritualpure.com\/es\/numerology\/spiritual-meaning-angel-number-711\/\">Numerolog\u00eda: \u00bfCu\u00e1l es el significado espiritual del n\u00famero \u00e1ngel 711?<\/a><\/li>\n<li><a class=\"wp-block-latest-posts__post-title\" href=\"https:\/\/spiritualpure.com\/es\/crystals\/what-is-tourmaline\/\">Cristales: \u00bfEs la turmalina solo una piedra preciosa?<\/a><\/li>\n<li><a class=\"wp-block-latest-posts__post-title\" href=\"https:\/\/spiritualpure.com\/es\/crystals\/taurus-birthstone\/\">Cristales: \u00bfCu\u00e1l es la piedra de nacimiento tradicional de Tauro?<\/a><\/li>\n<li><a class=\"wp-block-latest-posts__post-title\" href=\"https:\/\/spiritualpure.com\/es\/crystals\/carnelian-basics-properties\/\">Cristales: \u00bfCu\u00e1les son los beneficios espirituales de Carnelian?<\/a><\/li>\n<li><a class=\"wp-block-latest-posts__post-title\" href=\"https:\/\/spiritualpure.com\/es\/numerology\/spiritual-meaning-angel-number-101\/\">Numerolog\u00eda: \u00bfQu\u00e9 significa el n\u00famero 101 espiritualmente?<\/a><\/li>\n<li><a class=\"wp-block-latest-posts__post-title\" href=\"https:\/\/spiritualpure.com\/es\/numerology\/spiritual-meaning-angel-number-11\/\">Numerolog\u00eda: \u00bfCu\u00e1l es el significado espiritual del n\u00famero 11?<\/a><\/li>\n<li><a class=\"wp-block-latest-posts__post-title\" href=\"https:\/\/spiritualpure.com\/es\/crystals\/obsidian-formation-spiritual-meaning\/\">Cristales: \u00bfC\u00f3mo se forma y se usa la obsidiana espiritualmente?<\/a><\/li>\n<li><a class=\"wp-block-latest-posts__post-title\" href=\"https:\/\/spiritualpure.com\/es\/numerology\/angel-numbers\/angel-number-3-significance\/\">N\u00fameros de \u00e1ngel: \u00bfQu\u00e9 significa el \u00e1ngel n\u00famero 3 espiritualmente?<\/a><\/li>\n<li><a class=\"wp-block-latest-posts__post-title\" href=\"https:\/\/spiritualpure.com\/es\/numerology\/spiritual-meaning-angel-number-23\/\">Numerolog\u00eda: \u00bfQu\u00e9 significa el n\u00famero \u00e1ngel 23 espiritualmente?<\/a><\/li>\n<li><a class=\"wp-block-latest-posts__post-title\" href=\"https:\/\/spiritualpure.com\/es\/numerology\/spiritual-meaning-angel-number-24\/\">Numerolog\u00eda: \u00bfQu\u00e9 significa el n\u00famero \u00e1ngel 24 espiritualmente?<\/a><\/li>\n<li><a class=\"wp-block-latest-posts__post-title\" href=\"https:\/\/spiritualpure.com\/es\/crystals\/what-is-sunstone-properties\/\">Cristales: \u00bfCu\u00e1les son las propiedades clave de Sunstone?<\/a><\/li>\n<li><a class=\"wp-block-latest-posts__post-title\" href=\"https:\/\/spiritualpure.com\/es\/astrology\/5th-house-astrology-meaning\/\">Astrolog\u00eda: \u00bfQu\u00e9 revela la quinta casa sobre ti?<\/a><\/li>\n<\/ul><\/div>","protected":false},"excerpt":{"rendered":"<p>Encuentra tu Sanaci\u00f3n Encuentra claridad, paz y fuerza interior. Explore herramientas pr\u00e1cticas e ideas inspiradoras para su viaje espiritual, dise\u00f1adas para ayudarlo a vivir una vida m\u00e1s aut\u00e9ntica y satisfactoria.<\/p>","protected":false},"author":1,"featured_media":0,"parent":0,"menu_order":0,"comment_status":"closed","ping_status":"closed","template":"","meta":{"_acf_changed":false,"footnotes":""},"class_list":["post-7","page","type-page","status-publish","hentry"],"mb":[],"acf":[],"jetpack_sharing_enabled":true,"jetpack-related-posts":[],"jetpack_likes_enabled":true,"mfb_rest_fields":["title","wpcom_performance_report_url","jetpack_sharing_enabled","jetpack-related-posts","jetpack_likes_enabled"],"_links":{"self":[{"href":"https:\/\/spiritualpure.com\/es\/wp-json\/wp\/v2\/pages\/7","targetHints":{"allow":["GET"]}}],"collection":[{"href":"https:\/\/spiritualpure.com\/es\/wp-json\/wp\/v2\/pages"}],"about":[{"href":"https:\/\/spiritualpure.com\/es\/wp-json\/wp\/v2\/types\/page"}],"author":[{"embeddable":true,"href":"https:\/\/spiritualpure.com\/es\/wp-json\/wp\/v2\/users\/1"}],"replies":[{"embeddable":true,"href":"https:\/\/spiritualpure.com\/es\/wp-json\/wp\/v2\/comments?post=7"}],"version-history":[{"count":9,"href":"https:\/\/spiritualpure.com\/es\/wp-json\/wp\/v2\/pages\/7\/revisions"}],"predecessor-version":[{"id":22196,"href":"https:\/\/spiritualpure.com\/es\/wp-json\/wp\/v2\/pages\/7\/revisions\/22196"}],"wp:attachment":[{"href":"https:\/\/spiritualpure.com\/es\/wp-json\/wp\/v2\/media?parent=7"}],"curies":[{"name":"wp","href":"https:\/\/api.w.org\/{rel}","templated":true}]}}