{"id":7,"date":"2022-05-05T15:47:43","date_gmt":"2022-05-05T15:47:43","guid":{"rendered":"https:\/\/startertemplatecloud.com\/g23\/?page_id=7"},"modified":"2025-04-01T16:03:10","modified_gmt":"2025-04-01T16:03:10","slug":"home","status":"publish","type":"page","link":"https:\/\/spiritualpure.com\/fr\/","title":{"rendered":"Accueil"},"content":{"rendered":"<div class=\"wp-block-group alignfull is-layout-flow wp-block-group-is-layout-flow\" style=\"margin-top:0;margin-bottom:0;padding-top:calc( 0.5 * var(--wp--style--root--padding-right, var(--wp--custom--gap--horizontal)));padding-right:var(--wp--style--root--padding-right, var(--wp--custom--gap--horizontal));padding-bottom:calc( 0.5 * var(--wp--style--root--padding-right, var(--wp--custom--gap--horizontal)));padding-left:var(--wp--style--root--padding-left, var(--wp--custom--gap--horizontal))\">\n<div style=\"height:calc( 0.25 * var(--wp--style--root--padding-right, var(--wp--custom--gap--horizontal)))\" aria-hidden=\"true\" class=\"wp-block-spacer\"><\/div>\n\n\n\n<div class=\"wp-block-group has-background has-global-padding is-layout-constrained wp-container-core-group-is-layout-a788cced wp-block-group-is-layout-constrained\" style=\"background:radial-gradient(rgb(0,143,126) 0%,rgb(0,89,79) 100%);padding-top:var(--wp--preset--spacing--80);padding-bottom:var(--wp--preset--spacing--80)\">\n<h2 class=\"wp-block-heading alignwide has-text-align-center has-tertiary-color has-text-color has-link-color has-xx-large-font-size wp-elements-73514dbd12b5cbd81cf9d49e11dd4e67\">Trouvez votre gu\u00e9rison<\/h2>\n\n\n\n<p class=\"has-text-align-center has-background-color has-text-color has-link-color wp-elements-a0f3821df568da86f3ca94d46c2abdcc\">Trouvez la clart\u00e9, la paix et la force int\u00e9rieure. Explorez des outils pratiques et des id\u00e9es inspirantes pour votre voyage spirituel, con\u00e7us pour vous aider \u00e0 vivre une vie plus authentique et \u00e9panouissante.<\/p>\n<\/div>\n<\/div>\n\n\n\n<div class=\"wp-block-group alignfull has-global-padding is-layout-constrained wp-block-group-is-layout-constrained\"><ul class=\"wp-block-latest-posts__list is-grid columns-2 alignwide wp-block-latest-posts\"><li><a class=\"wp-block-latest-posts__post-title\" href=\"https:\/\/spiritualpure.com\/fr\/crystals\/sunstone-its-light-and-healing-power\/\">Pierre de soleil: Sa lumi\u00e8re et son pouvoir de gu\u00e9rison<\/a><\/li>\n<li><a class=\"wp-block-latest-posts__post-title\" href=\"https:\/\/spiritualpure.com\/fr\/crystals\/spiritual-meaning-of-hematite\/\">Cristaux : L'h\u00e9matite est-elle spirituellement significative au-del\u00e0 de la gu\u00e9rison?<\/a><\/li>\n<li><a class=\"wp-block-latest-posts__post-title\" href=\"https:\/\/spiritualpure.com\/fr\/numerology\/angel-number-8888-meaning\/\">Num\u00e9rologie: Qu'est-ce que le nombre ang\u00e9lique 8888 signifie pour vous?<\/a><\/li>\n<li><a class=\"wp-block-latest-posts__post-title\" href=\"https:\/\/spiritualpure.com\/fr\/crystals\/spiritual-meaning-of-tigers-eye\/\">Cristaux : Quelle est la signification spirituelle de l\u2019\u0153il de tigre?<\/a><\/li>\n<li><a class=\"wp-block-latest-posts__post-title\" href=\"https:\/\/spiritualpure.com\/fr\/numerology\/spiritual-significance-angel-number-9\/\">Num\u00e9rologie: Quelle est la signification spirituelle de l\u2019ange num\u00e9ro 9?<\/a><\/li>\n<li><a class=\"wp-block-latest-posts__post-title\" href=\"https:\/\/spiritualpure.com\/fr\/crystals\/labradorite-key-properties\/\">Cristaux : Qu'est-ce qui fait de la Labradorite une pierre magique?<\/a><\/li>\n<li><a class=\"wp-block-latest-posts__post-title\" href=\"https:\/\/spiritualpure.com\/fr\/numerology\/angel-number-2222-meaning\/\">Num\u00e9rologie: Que signifie le nombre ang\u00e9lique 2222?<\/a><\/li>\n<li><a class=\"wp-block-latest-posts__post-title\" href=\"https:\/\/spiritualpure.com\/fr\/numerology\/angel-numbers\/555-angel-number-meaning\/\">Nombres d'anges: Qu'est-ce que le 555 signifie spirituellement?<\/a><\/li>\n<li><a class=\"wp-block-latest-posts__post-title\" href=\"https:\/\/spiritualpure.com\/fr\/numerology\/spiritual-meaning-angel-number-711\/\">Num\u00e9rologie: Quelle est la signification spirituelle du nombre ang\u00e9lique 711?<\/a><\/li>\n<li><a class=\"wp-block-latest-posts__post-title\" href=\"https:\/\/spiritualpure.com\/fr\/crystals\/what-is-tourmaline\/\">Cristaux : La tourmaline n'est-elle qu'une jolie pierre pr\u00e9cieuse?<\/a><\/li>\n<li><a class=\"wp-block-latest-posts__post-title\" href=\"https:\/\/spiritualpure.com\/fr\/crystals\/taurus-birthstone\/\">Cristaux : Qu\u2019est-ce que la pierre de naissance traditionnelle du Taureau?<\/a><\/li>\n<li><a class=\"wp-block-latest-posts__post-title\" href=\"https:\/\/spiritualpure.com\/fr\/crystals\/carnelian-basics-properties\/\">Cristaux : Quels sont les avantages spirituels de Carnelian?<\/a><\/li>\n<li><a class=\"wp-block-latest-posts__post-title\" href=\"https:\/\/spiritualpure.com\/fr\/numerology\/spiritual-meaning-angel-number-101\/\">Num\u00e9rologie: Que signifie spirituellement le nombre ang\u00e9lique 101?<\/a><\/li>\n<li><a class=\"wp-block-latest-posts__post-title\" href=\"https:\/\/spiritualpure.com\/fr\/numerology\/spiritual-meaning-angel-number-11\/\">Num\u00e9rologie: Quelle est la signification spirituelle du nombre 11?<\/a><\/li>\n<li><a class=\"wp-block-latest-posts__post-title\" href=\"https:\/\/spiritualpure.com\/fr\/crystals\/obsidian-formation-spiritual-meaning\/\">Cristaux : Comment l'obsidienne est-elle form\u00e9e et utilis\u00e9e spirituellement?<\/a><\/li>\n<li><a class=\"wp-block-latest-posts__post-title\" href=\"https:\/\/spiritualpure.com\/fr\/numerology\/angel-numbers\/angel-number-3-significance\/\">Nombres d'anges: Qu'est-ce que le nombre ang\u00e9lique 3 signifie spirituellement?<\/a><\/li>\n<li><a class=\"wp-block-latest-posts__post-title\" href=\"https:\/\/spiritualpure.com\/fr\/numerology\/spiritual-meaning-angel-number-23\/\">Num\u00e9rologie: Qu'est-ce que le nombre ang\u00e9lique 23 signifie spirituellement?<\/a><\/li>\n<li><a class=\"wp-block-latest-posts__post-title\" href=\"https:\/\/spiritualpure.com\/fr\/numerology\/spiritual-meaning-angel-number-24\/\">Num\u00e9rologie: Qu'est-ce que le nombre ang\u00e9lique 24 signifie spirituellement?<\/a><\/li>\n<li><a class=\"wp-block-latest-posts__post-title\" href=\"https:\/\/spiritualpure.com\/fr\/crystals\/what-is-sunstone-properties\/\">Cristaux : Quelles sont les propri\u00e9t\u00e9s cl\u00e9s de Sunstone?<\/a><\/li>\n<li><a class=\"wp-block-latest-posts__post-title\" href=\"https:\/\/spiritualpure.com\/fr\/astrology\/5th-house-astrology-meaning\/\">Astrologie: Qu'est-ce que la 5\u00e8me maison r\u00e9v\u00e8le sur vous?<\/a><\/li>\n<\/ul><\/div>","protected":false},"excerpt":{"rendered":"<p>Trouvez la clart\u00e9, la paix et la force int\u00e9rieure. Explorez des outils pratiques et des id\u00e9es inspirantes pour votre voyage spirituel, con\u00e7us pour vous aider \u00e0 vivre une vie plus authentique et \u00e9panouissante.<\/p>","protected":false},"author":1,"featured_media":0,"parent":0,"menu_order":0,"comment_status":"closed","ping_status":"closed","template":"","meta":{"_acf_changed":false,"footnotes":""},"class_list":["post-7","page","type-page","status-publish","hentry"],"mb":[],"acf":[],"jetpack_sharing_enabled":true,"jetpack-related-posts":[],"jetpack_likes_enabled":true,"mfb_rest_fields":["title","wpcom_performance_report_url","jetpack_sharing_enabled","jetpack-related-posts","jetpack_likes_enabled"],"_links":{"self":[{"href":"https:\/\/spiritualpure.com\/fr\/wp-json\/wp\/v2\/pages\/7","targetHints":{"allow":["GET"]}}],"collection":[{"href":"https:\/\/spiritualpure.com\/fr\/wp-json\/wp\/v2\/pages"}],"about":[{"href":"https:\/\/spiritualpure.com\/fr\/wp-json\/wp\/v2\/types\/page"}],"author":[{"embeddable":true,"href":"https:\/\/spiritualpure.com\/fr\/wp-json\/wp\/v2\/users\/1"}],"replies":[{"embeddable":true,"href":"https:\/\/spiritualpure.com\/fr\/wp-json\/wp\/v2\/comments?post=7"}],"version-history":[{"count":9,"href":"https:\/\/spiritualpure.com\/fr\/wp-json\/wp\/v2\/pages\/7\/revisions"}],"predecessor-version":[{"id":22196,"href":"https:\/\/spiritualpure.com\/fr\/wp-json\/wp\/v2\/pages\/7\/revisions\/22196"}],"wp:attachment":[{"href":"https:\/\/spiritualpure.com\/fr\/wp-json\/wp\/v2\/media?parent=7"}],"curies":[{"name":"wp","href":"https:\/\/api.w.org\/{rel}","templated":true}]}}