{"id":7,"date":"2022-05-05T15:47:43","date_gmt":"2022-05-05T15:47:43","guid":{"rendered":"https:\/\/startertemplatecloud.com\/g23\/?page_id=7"},"modified":"2025-04-01T16:03:10","modified_gmt":"2025-04-01T16:03:10","slug":"home","status":"publish","type":"page","link":"https:\/\/spiritualpure.com\/hu\/","title":{"rendered":"F\u0151oldal"},"content":{"rendered":"<div class=\"wp-block-group alignfull is-layout-flow wp-block-group-is-layout-flow\" style=\"margin-top:0;margin-bottom:0;padding-top:calc( 0.5 * var(--wp--style--root--padding-right, var(--wp--custom--gap--horizontal)));padding-right:var(--wp--style--root--padding-right, var(--wp--custom--gap--horizontal));padding-bottom:calc( 0.5 * var(--wp--style--root--padding-right, var(--wp--custom--gap--horizontal)));padding-left:var(--wp--style--root--padding-left, var(--wp--custom--gap--horizontal))\">\n<div style=\"height:calc( 0.25 * var(--wp--style--root--padding-right, var(--wp--custom--gap--horizontal)))\" aria-hidden=\"true\" class=\"wp-block-spacer\"><\/div>\n\n\n\n<div class=\"wp-block-group has-background has-global-padding is-layout-constrained wp-container-core-group-is-layout-a788cced wp-block-group-is-layout-constrained\" style=\"background:radial-gradient(rgb(0,143,126) 0%,rgb(0,89,79) 100%);padding-top:var(--wp--preset--spacing--80);padding-bottom:var(--wp--preset--spacing--80)\">\n<h2 class=\"wp-block-heading alignwide has-text-align-center has-tertiary-color has-text-color has-link-color has-xx-large-font-size wp-elements-73514dbd12b5cbd81cf9d49e11dd4e67\">Tal\u00e1ld meg a gy\u00f3gyul\u00e1sod<\/h2>\n\n\n\n<p class=\"has-text-align-center has-background-color has-text-color has-link-color wp-elements-a0f3821df568da86f3ca94d46c2abdcc\">Tal\u00e1ld meg a tisztas\u00e1got, a b\u00e9k\u00e9t \u00e9s a bels\u0151 er\u0151t. Fedezze fel a gyakorlati eszk\u00f6z\u00f6ket \u00e9s inspir\u00e1l\u00f3 betekint\u00e9st a spiritu\u00e1lis utaz\u00e1shoz, amelynek c\u00e9lja, hogy seg\u00edtsen hitelesebb \u00e9s teljesebb \u00e9letet \u00e9lni.<\/p>\n<\/div>\n<\/div>\n\n\n\n<div class=\"wp-block-group alignfull has-global-padding is-layout-constrained wp-block-group-is-layout-constrained\"><ul class=\"wp-block-latest-posts__list is-grid columns-2 alignwide wp-block-latest-posts\"><li><a class=\"wp-block-latest-posts__post-title\" href=\"https:\/\/spiritualpure.com\/hu\/crystals\/sunstone-its-light-and-healing-power\/\">Napk\u0151: F\u00e9nye \u00e9s gy\u00f3gy\u00edt\u00f3 ereje<\/a><\/li>\n<li><a class=\"wp-block-latest-posts__post-title\" href=\"https:\/\/spiritualpure.com\/hu\/crystals\/spiritual-meaning-of-hematite\/\">Krist\u00e1lyok: A hematit spiritu\u00e1lisan \u00e9rtelmes a gy\u00f3gyul\u00e1son t\u00fal?<\/a><\/li>\n<li><a class=\"wp-block-latest-posts__post-title\" href=\"https:\/\/spiritualpure.com\/hu\/numerology\/angel-number-8888-meaning\/\">Numerol\u00f3gia: Mit jelent sz\u00e1modra a 8888-as sz\u00e1m?<\/a><\/li>\n<li><a class=\"wp-block-latest-posts__post-title\" href=\"https:\/\/spiritualpure.com\/hu\/crystals\/spiritual-meaning-of-tigers-eye\/\">Krist\u00e1lyok: Mi a tigris szem\u00e9nek spiritu\u00e1lis jelent\u00e9se?<\/a><\/li>\n<li><a class=\"wp-block-latest-posts__post-title\" href=\"https:\/\/spiritualpure.com\/hu\/numerology\/spiritual-significance-angel-number-9\/\">Numerol\u00f3gia: Mi a 9-es sz\u00e1m\u00fa angyal spiritu\u00e1lis jelent\u00e9se?<\/a><\/li>\n<li><a class=\"wp-block-latest-posts__post-title\" href=\"https:\/\/spiritualpure.com\/hu\/crystals\/labradorite-key-properties\/\">Krist\u00e1lyok: Mi teszi a labradoritot m\u00e1gikus k\u0151v\u00e9?<\/a><\/li>\n<li><a class=\"wp-block-latest-posts__post-title\" href=\"https:\/\/spiritualpure.com\/hu\/numerology\/angel-number-2222-meaning\/\">Numerol\u00f3gia: Mit jelent a 2222-es sz\u00e1m\u00fa angyal?<\/a><\/li>\n<li><a class=\"wp-block-latest-posts__post-title\" href=\"https:\/\/spiritualpure.com\/hu\/numerology\/angel-numbers\/555-angel-number-meaning\/\">Angyalsz\u00e1mok: Mit jelent az 555 szellemileg?<\/a><\/li>\n<li><a class=\"wp-block-latest-posts__post-title\" href=\"https:\/\/spiritualpure.com\/hu\/numerology\/spiritual-meaning-angel-number-711\/\">Numerol\u00f3gia: Mi a 711-es sz\u00e1m\u00fa angyal spiritu\u00e1lis jelent\u00e9se?<\/a><\/li>\n<li><a class=\"wp-block-latest-posts__post-title\" href=\"https:\/\/spiritualpure.com\/hu\/crystals\/what-is-tourmaline\/\">Krist\u00e1lyok: A turmalin csak egy sz\u00e9p dr\u00e1gak\u0151?<\/a><\/li>\n<li><a class=\"wp-block-latest-posts__post-title\" href=\"https:\/\/spiritualpure.com\/hu\/crystals\/taurus-birthstone\/\">Krist\u00e1lyok: Mi a Taurus hagyom\u00e1nyos sz\u00fclet\u00e9sk\u00f6ve?<\/a><\/li>\n<li><a class=\"wp-block-latest-posts__post-title\" href=\"https:\/\/spiritualpure.com\/hu\/crystals\/carnelian-basics-properties\/\">Krist\u00e1lyok: Mik a karneol spiritu\u00e1lis el\u0151nyei?<\/a><\/li>\n<li><a class=\"wp-block-latest-posts__post-title\" href=\"https:\/\/spiritualpure.com\/hu\/numerology\/spiritual-meaning-angel-number-101\/\">Numerol\u00f3gia: Mit jelent a 101-es sz\u00e1m\u00fa angyal szellemileg?<\/a><\/li>\n<li><a class=\"wp-block-latest-posts__post-title\" href=\"https:\/\/spiritualpure.com\/hu\/numerology\/spiritual-meaning-angel-number-11\/\">Numerol\u00f3gia: Mi a 11-es sz\u00e1m spiritu\u00e1lis jelent\u0151s\u00e9ge?<\/a><\/li>\n<li><a class=\"wp-block-latest-posts__post-title\" href=\"https:\/\/spiritualpure.com\/hu\/crystals\/obsidian-formation-spiritual-meaning\/\">Krist\u00e1lyok: Hogyan alakul ki \u00e9s hogyan haszn\u00e1lj\u00e1k az obszidi\u00e1nt spiritu\u00e1lisan?<\/a><\/li>\n<li><a class=\"wp-block-latest-posts__post-title\" href=\"https:\/\/spiritualpure.com\/hu\/numerology\/angel-numbers\/angel-number-3-significance\/\">Angyalsz\u00e1mok: Mit jelent a 3-as sz\u00e1m\u00fa angyal szellemileg?<\/a><\/li>\n<li><a class=\"wp-block-latest-posts__post-title\" href=\"https:\/\/spiritualpure.com\/hu\/numerology\/spiritual-meaning-angel-number-23\/\">Numerol\u00f3gia: Mit jelent a 23-as sz\u00e1m\u00fa angyal szellemileg?<\/a><\/li>\n<li><a class=\"wp-block-latest-posts__post-title\" href=\"https:\/\/spiritualpure.com\/hu\/numerology\/spiritual-meaning-angel-number-24\/\">Numerol\u00f3gia: Mit jelent a 24-es sz\u00e1m\u00fa angyal szellemileg?<\/a><\/li>\n<li><a class=\"wp-block-latest-posts__post-title\" href=\"https:\/\/spiritualpure.com\/hu\/crystals\/what-is-sunstone-properties\/\">Krist\u00e1lyok: Melyek a Sunstone legfontosabb tulajdons\u00e1gai?<\/a><\/li>\n<li><a class=\"wp-block-latest-posts__post-title\" href=\"https:\/\/spiritualpure.com\/hu\/astrology\/5th-house-astrology-meaning\/\">Asztrol\u00f3gia: Mit \u00e1rul el r\u00f3lad az \u00f6t\u00f6dik h\u00e1z?<\/a><\/li>\n<\/ul><\/div>","protected":false},"excerpt":{"rendered":"<p>Find your Healing Find clarity, peace, and inner strength. Fedezze fel a gyakorlati eszk\u00f6z\u00f6ket \u00e9s inspir\u00e1l\u00f3 betekint\u00e9st a spiritu\u00e1lis utaz\u00e1shoz, amelynek c\u00e9lja, hogy seg\u00edtsen hitelesebb \u00e9s teljesebb \u00e9letet \u00e9lni.<\/p>","protected":false},"author":1,"featured_media":0,"parent":0,"menu_order":0,"comment_status":"closed","ping_status":"closed","template":"","meta":{"_acf_changed":false,"footnotes":""},"class_list":["post-7","page","type-page","status-publish","hentry"],"mb":[],"acf":[],"jetpack_sharing_enabled":true,"jetpack-related-posts":[],"jetpack_likes_enabled":true,"mfb_rest_fields":["title","wpcom_performance_report_url","jetpack_sharing_enabled","jetpack-related-posts","jetpack_likes_enabled"],"_links":{"self":[{"href":"https:\/\/spiritualpure.com\/hu\/wp-json\/wp\/v2\/pages\/7","targetHints":{"allow":["GET"]}}],"collection":[{"href":"https:\/\/spiritualpure.com\/hu\/wp-json\/wp\/v2\/pages"}],"about":[{"href":"https:\/\/spiritualpure.com\/hu\/wp-json\/wp\/v2\/types\/page"}],"author":[{"embeddable":true,"href":"https:\/\/spiritualpure.com\/hu\/wp-json\/wp\/v2\/users\/1"}],"replies":[{"embeddable":true,"href":"https:\/\/spiritualpure.com\/hu\/wp-json\/wp\/v2\/comments?post=7"}],"version-history":[{"count":9,"href":"https:\/\/spiritualpure.com\/hu\/wp-json\/wp\/v2\/pages\/7\/revisions"}],"predecessor-version":[{"id":22196,"href":"https:\/\/spiritualpure.com\/hu\/wp-json\/wp\/v2\/pages\/7\/revisions\/22196"}],"wp:attachment":[{"href":"https:\/\/spiritualpure.com\/hu\/wp-json\/wp\/v2\/media?parent=7"}],"curies":[{"name":"wp","href":"https:\/\/api.w.org\/{rel}","templated":true}]}}