{"id":318,"date":"2021-12-03T07:08:10","date_gmt":"2021-12-03T07:08:10","guid":{"rendered":"https:\/\/stage.startertemplatecloud.com\/g23\/?page_id=318"},"modified":"2024-09-29T13:45:54","modified_gmt":"2024-09-29T13:45:54","slug":"about","status":"publish","type":"page","link":"https:\/\/spiritualpure.com\/pl\/about\/","title":{"rendered":"Informacje o"},"content":{"rendered":"<div class=\"wp-block-kadence-column kadence-column318_3392df-a9\"><div class=\"kt-inside-inner-col\">\n<figure class=\"wp-block-kadence-image kb-image318_7934ce-c5 size-full\"><img data-recalc-dims=\"1\" loading=\"lazy\" decoding=\"async\" width=\"1600\" height=\"900\" src=\"https:\/\/i0.wp.com\/spiritualpure.com\/wp-content\/uploads\/2024\/05\/Diverse-Group-p-1600.webp?resize=1600%2C900&#038;ssl=1\" alt=\"\" class=\"kb-img wp-image-1076\" srcset=\"https:\/\/i0.wp.com\/spiritualpure.com\/wp-content\/uploads\/2024\/05\/Diverse-Group-p-1600.webp?w=1600&amp;ssl=1 1600w, https:\/\/i0.wp.com\/spiritualpure.com\/wp-content\/uploads\/2024\/05\/Diverse-Group-p-1600.webp?resize=300%2C169&amp;ssl=1 300w, https:\/\/i0.wp.com\/spiritualpure.com\/wp-content\/uploads\/2024\/05\/Diverse-Group-p-1600.webp?resize=1024%2C576&amp;ssl=1 1024w, https:\/\/i0.wp.com\/spiritualpure.com\/wp-content\/uploads\/2024\/05\/Diverse-Group-p-1600.webp?resize=768%2C432&amp;ssl=1 768w, https:\/\/i0.wp.com\/spiritualpure.com\/wp-content\/uploads\/2024\/05\/Diverse-Group-p-1600.webp?resize=18%2C10&amp;ssl=1 18w\" sizes=\"auto, (max-width: 1000px) 100vw, 1000px\" \/><\/figure>\n<\/div><\/div>\n\n\n\n\n<div class=\"wp-block-kadence-column kadence-column1030_895248-4f inner-column-1\"><div class=\"kt-inside-inner-col\">\n<h2 class=\"kt-adv-heading1030_c0071a-18 wp-block-kadence-advancedheading has-theme-palette-4-color has-text-color\" data-kb-block=\"kb-adv-heading1030_c0071a-18\">W ci\u0105gu ostatnich 18 miesi\u0119cy mieli\u015bmy szalony wzrost. <\/h2>\n\n\n\n<h2 class=\"kt-adv-heading1030_78a111-b5 wp-block-kadence-advancedheading\" data-kb-block=\"kb-adv-heading1030_78a111-b5\">Ale mamy problem.<\/h2>\n\n\n\n<div class=\"wp-block-kadence-icon kt-svg-icons kt-svg-icons1030_f240ee-d0 alignnone\">\n<div class=\"wp-block-kadence-single-icon kt-svg-style-default kt-svg-icon-wrap kt-svg-item-1030_fa9882-1b\"><span data-name=\"fe_chevronsDown\" data-stroke=\"2\" class=\"kadence-dynamic-icon\"><\/span><\/div>\n<\/div>\n<\/div><\/div>\n\n\n\n<div class=\"wp-block-kadence-column kadence-column1030_1f562e-9a inner-column-2\"><div class=\"kt-inside-inner-col\">\n\n<div class=\"wp-block-kadence-column kadence-column1030_1ad6a8-71 kvs-sm-false inner-column-1\"><div class=\"kt-inside-inner-col\">\n<figure class=\"wp-block-kadence-image kb-image1030_81e8f2-70 size-full kb-image-is-ratio-size is-style-rounded change\"><div class=\"kb-is-ratio-image kb-image-ratio-square\"><img data-recalc-dims=\"1\" loading=\"lazy\" decoding=\"async\" width=\"1820\" height=\"1020\" src=\"https:\/\/i0.wp.com\/spiritualpure.com\/wp-content\/uploads\/2024\/09\/An_oil_painting_in_high_renaissance_style_depicting_27b58_03434.webp?resize=1820%2C1020&#038;ssl=1\" alt=\"\" class=\"kb-img wp-image-10458\" srcset=\"https:\/\/i0.wp.com\/spiritualpure.com\/wp-content\/uploads\/2024\/09\/An_oil_painting_in_high_renaissance_style_depicting_27b58_03434.webp?w=1820&amp;ssl=1 1820w, https:\/\/i0.wp.com\/spiritualpure.com\/wp-content\/uploads\/2024\/09\/An_oil_painting_in_high_renaissance_style_depicting_27b58_03434.webp?resize=600%2C336&amp;ssl=1 600w, https:\/\/i0.wp.com\/spiritualpure.com\/wp-content\/uploads\/2024\/09\/An_oil_painting_in_high_renaissance_style_depicting_27b58_03434.webp?resize=768%2C430&amp;ssl=1 768w, https:\/\/i0.wp.com\/spiritualpure.com\/wp-content\/uploads\/2024\/09\/An_oil_painting_in_high_renaissance_style_depicting_27b58_03434.webp?resize=1536%2C861&amp;ssl=1 1536w, https:\/\/i0.wp.com\/spiritualpure.com\/wp-content\/uploads\/2024\/09\/An_oil_painting_in_high_renaissance_style_depicting_27b58_03434.webp?resize=18%2C10&amp;ssl=1 18w\" sizes=\"auto, (max-width: 1000px) 100vw, 1000px\" \/><\/div><\/figure>\n<\/div><\/div>\n\n\n\n<div class=\"wp-block-kadence-column kadence-column1030_812d89-8b inner-column-2\"><div class=\"kt-inside-inner-col\">\n<div class=\"wp-block-kadence-infobox kt-info-box1030_29e708-2d\"><span class=\"kt-blocks-info-box-link-wrap info-box-link kt-blocks-info-box-media-align-top kt-info-halign-left\"><div class=\"kt-infobox-textcontent\"><h3 class=\"kt-blocks-info-box-title\">500.000+<\/h3><p class=\"kt-blocks-info-box-text\">Miesi\u0119czne aktywne czytniki<\/p><\/div><\/span><\/div>\n\n\n\n<div class=\"wp-block-kadence-infobox kt-info-box1030_2d11e1-c0\"><span class=\"kt-blocks-info-box-link-wrap info-box-link kt-blocks-info-box-media-align-top kt-info-halign-left\"><div class=\"kt-infobox-textcontent\"><h3 class=\"kt-blocks-info-box-title\">20%+<\/h3><p class=\"kt-blocks-info-box-text\">Miesi\u0119czny wzrost<\/p><\/div><\/span><\/div>\n\n\n\n<div class=\"wp-block-kadence-infobox kt-info-box1030_a659d4-51\"><span class=\"kt-blocks-info-box-link-wrap info-box-link kt-blocks-info-box-media-align-top kt-info-halign-left\"><div class=\"kt-infobox-textcontent\"><h3 class=\"kt-blocks-info-box-title\">10.000+<\/h3><p class=\"kt-blocks-info-box-text\">Miesi\u0119czni subskrybenci poczty e-mail<\/p><\/div><\/span><\/div>\n<\/div><\/div>\n\n<\/div><\/div>\n\n\n\n\n\n<div class=\"wp-block-kadence-column kadence-column10933_0e8a06-11\"><div class=\"kt-inside-inner-col\">\n<h2 class=\"kt-adv-heading10933_6dd5d3-6b wp-block-kadence-advancedheading has-theme-palette-9-color has-text-color\" data-kb-block=\"kb-adv-heading10933_6dd5d3-6b\"><strong>Mniej ni\u017c 1% Czytelnicy siej\u0105 w tym ruchu. <\/strong><\/h2>\n<\/div><\/div>\n\n\n\n<div class=\"wp-block-kadence-column kadence-column10933_42a82b-3f kb-section-dir-vertical kb-section-md-dir-vertical kb-section-sm-dir-vertical\"><div class=\"kt-inside-inner-col\">\n\n<div class=\"wp-block-kadence-column kadence-column10933_546dff-f3\"><div class=\"kt-inside-inner-col\">\n<div class=\"wp-block-kadence-countup kb-count-up-10933_356a17-92 kb-count-up\" data-start=\"0\" data-end=\"362\" data-prefix=\"\" data-suffix=\"\" data-duration=\"2.5\" data-separator=\"\"><div class=\"kb-count-up-process kb-count-up-number\"><\/div><div class=\"kb-count-up-title\">Darowizny w tym roku<\/div><\/div>\n\n\n\n<div class=\"wp-block-kadence-advancedbtn kb-buttons-wrap kb-btns10933_9470e6-56\"><\/div>\n<\/div><\/div>\n\n<\/div><\/div>\n\n\n\n\n\n<div class=\"wp-block-kadence-column kadence-column1030_641f83-31\"><div class=\"kt-inside-inner-col\">\n<a href=\"#XTKQPAWW\" style=\"display: none\"><\/a>\n<\/div><\/div>\n\n\n\n<div class=\"wp-block-kadence-column kadence-column1030_ad8e91-8e inner-column-1\"><div class=\"kt-inside-inner-col\">\n<h2 class=\"kt-adv-heading1030_0656de-bc wp-block-kadence-advancedheading has-theme-palette-9-color has-text-color\" data-kb-block=\"kb-adv-heading1030_0656de-bc\">Jeste\u015bmy wdzi\u0119czni za ka\u017cdego kibica.<\/h2>\n\n\n\n<p class=\"kt-adv-heading1030_314a14-85 wp-block-kadence-advancedheading has-theme-palette-8-color has-text-color\" data-kb-block=\"kb-adv-heading1030_314a14-85\">Ka\u017cdego dnia zwykli ludzie, tacy jak ty, przekazuj\u0105 darowizny, wspieraj\u0105 i podtrzymuj\u0105 ten ruch.<\/p>\n\n\n\n<div class=\"wp-block-kadence-advancedbtn kb-buttons-wrap kb-btns1030_2521a0-a2\"><\/div>\n<\/div><\/div>\n\n\n\n\n\n<div class=\"wp-block-kadence-column kadence-column10923_1e216a-29 inner-column-2\"><div class=\"kt-inside-inner-col\">\n<h2 class=\"kt-adv-heading10923_db527d-fb wp-block-kadence-advancedheading has-theme-palette-3-color has-text-color\" data-kb-block=\"kb-adv-heading10923_db527d-fb\">Ale wyobra\u017acie sobie, co mogliby\u015bmy osi\u0105gn\u0105\u0107, gdyby\u015bmy wszyscy zjednoczyli si\u0119 jako wierz\u0105cy.<\/h2>\n<\/div><\/div>\n\n\n\n<div class=\"wp-block-kadence-column kadence-column10923_5df203-2f inner-column-1\"><div class=\"kt-inside-inner-col\">\n<div class=\"wp-block-kadence-column kadence-column10923_3afcdb-8e\"><div class=\"kt-inside-inner-col\">\n<figure class=\"wp-block-kadence-image kb-image10923_880efc-a9 kb-image-is-ratio-size\"><div class=\"kb-is-ratio-image kb-image-ratio-square\"><img data-recalc-dims=\"1\" loading=\"lazy\" decoding=\"async\" width=\"1720\" height=\"1080\" src=\"https:\/\/i0.wp.com\/spiritualpure.com\/wp-content\/uploads\/2024\/09\/lamb_symbol_of_sacrifice_sitting_calmly_in_the_stylea8e78_04038.webp?resize=1720%2C1080&#038;ssl=1\" alt=\"\" class=\"kb-img wp-image-10552\" srcset=\"https:\/\/i0.wp.com\/spiritualpure.com\/wp-content\/uploads\/2024\/09\/lamb_symbol_of_sacrifice_sitting_calmly_in_the_stylea8e78_04038.webp?w=1720&amp;ssl=1 1720w, https:\/\/i0.wp.com\/spiritualpure.com\/wp-content\/uploads\/2024\/09\/lamb_symbol_of_sacrifice_sitting_calmly_in_the_stylea8e78_04038.webp?resize=600%2C377&amp;ssl=1 600w, https:\/\/i0.wp.com\/spiritualpure.com\/wp-content\/uploads\/2024\/09\/lamb_symbol_of_sacrifice_sitting_calmly_in_the_stylea8e78_04038.webp?resize=768%2C482&amp;ssl=1 768w, https:\/\/i0.wp.com\/spiritualpure.com\/wp-content\/uploads\/2024\/09\/lamb_symbol_of_sacrifice_sitting_calmly_in_the_stylea8e78_04038.webp?resize=1536%2C964&amp;ssl=1 1536w, https:\/\/i0.wp.com\/spiritualpure.com\/wp-content\/uploads\/2024\/09\/lamb_symbol_of_sacrifice_sitting_calmly_in_the_stylea8e78_04038.webp?resize=18%2C12&amp;ssl=1 18w\" sizes=\"auto, (max-width: 1000px) 100vw, 1000px\" \/><\/div><\/figure>\n<\/div><\/div>\n\n\n\n<figure class=\"wp-block-kadence-image kb-image10923_fa54ea-1b kb-image-is-ratio-size\"><div class=\"kb-is-ratio-image kb-image-ratio-square\"><img data-recalc-dims=\"1\" loading=\"lazy\" decoding=\"async\" width=\"1720\" height=\"1080\" src=\"https:\/\/i0.wp.com\/spiritualpure.com\/wp-content\/uploads\/2024\/09\/mosaic_portrayal_of_saint_peter_holding_the_keys_t48ee2_00448.webp?resize=1720%2C1080&#038;ssl=1\" alt=\"\" class=\"kb-img wp-image-10910\" srcset=\"https:\/\/i0.wp.com\/spiritualpure.com\/wp-content\/uploads\/2024\/09\/mosaic_portrayal_of_saint_peter_holding_the_keys_t48ee2_00448.webp?w=1720&amp;ssl=1 1720w, https:\/\/i0.wp.com\/spiritualpure.com\/wp-content\/uploads\/2024\/09\/mosaic_portrayal_of_saint_peter_holding_the_keys_t48ee2_00448.webp?resize=600%2C377&amp;ssl=1 600w, https:\/\/i0.wp.com\/spiritualpure.com\/wp-content\/uploads\/2024\/09\/mosaic_portrayal_of_saint_peter_holding_the_keys_t48ee2_00448.webp?resize=768%2C482&amp;ssl=1 768w, https:\/\/i0.wp.com\/spiritualpure.com\/wp-content\/uploads\/2024\/09\/mosaic_portrayal_of_saint_peter_holding_the_keys_t48ee2_00448.webp?resize=1536%2C964&amp;ssl=1 1536w, https:\/\/i0.wp.com\/spiritualpure.com\/wp-content\/uploads\/2024\/09\/mosaic_portrayal_of_saint_peter_holding_the_keys_t48ee2_00448.webp?resize=18%2C12&amp;ssl=1 18w\" sizes=\"auto, (max-width: 1000px) 100vw, 1000px\" \/><\/div><\/figure>\n\n\n\n<div class=\"wp-block-kadence-column kadence-column10923_bd0d06-06\"><div class=\"kt-inside-inner-col\">\n<figure class=\"wp-block-kadence-image kb-image10923_08d6fd-de kb-image-is-ratio-size\"><div class=\"kb-is-ratio-image kb-image-ratio-land43\"><img data-recalc-dims=\"1\" loading=\"lazy\" decoding=\"async\" width=\"1720\" height=\"1080\" src=\"https:\/\/i0.wp.com\/spiritualpure.com\/wp-content\/uploads\/2024\/09\/painting_of_a_dove_carrying_an_olive_branch_in_a_re5a_0000978.webp?resize=1720%2C1080&#038;ssl=1\" alt=\"\" class=\"kb-img wp-image-10472\" srcset=\"https:\/\/i0.wp.com\/spiritualpure.com\/wp-content\/uploads\/2024\/09\/painting_of_a_dove_carrying_an_olive_branch_in_a_re5a_0000978.webp?w=1720&amp;ssl=1 1720w, https:\/\/i0.wp.com\/spiritualpure.com\/wp-content\/uploads\/2024\/09\/painting_of_a_dove_carrying_an_olive_branch_in_a_re5a_0000978.webp?resize=600%2C377&amp;ssl=1 600w, https:\/\/i0.wp.com\/spiritualpure.com\/wp-content\/uploads\/2024\/09\/painting_of_a_dove_carrying_an_olive_branch_in_a_re5a_0000978.webp?resize=768%2C482&amp;ssl=1 768w, https:\/\/i0.wp.com\/spiritualpure.com\/wp-content\/uploads\/2024\/09\/painting_of_a_dove_carrying_an_olive_branch_in_a_re5a_0000978.webp?resize=1536%2C964&amp;ssl=1 1536w, https:\/\/i0.wp.com\/spiritualpure.com\/wp-content\/uploads\/2024\/09\/painting_of_a_dove_carrying_an_olive_branch_in_a_re5a_0000978.webp?resize=18%2C12&amp;ssl=1 18w\" sizes=\"auto, (max-width: 1000px) 100vw, 1000px\" \/><\/div><\/figure>\n<\/div><\/div>\n<\/div><\/div>\n\n\n\n\n\n<div class=\"wp-block-kadence-column kadence-column1030_e4b9f1-10\"><div class=\"kt-inside-inner-col\">\n\n<div class=\"wp-block-kadence-column kadence-column1030_3c8f01-ee\"><div class=\"kt-inside-inner-col\">\n<h2 class=\"kt-adv-heading1030_7940a5-e8 wp-block-kadence-advancedheading has-theme-palette-9-color has-text-color\" data-kb-block=\"kb-adv-heading1030_7940a5-e8\">$2 na miesi\u0105c to wszystko, czego potrzeba, aby rozwin\u0105\u0107 ruch.<\/h2>\n<\/div><\/div>\n\n<\/div><\/div>\n\n\n\n<div class=\"wp-block-kadence-column kadence-column1030_9d019d-b3\"><div class=\"kt-inside-inner-col\">\n\n<div class=\"wp-block-kadence-column kadence-column1030_a99a9c-16\"><div class=\"kt-inside-inner-col\">\n<div class=\"wp-block-kadence-advancedbtn kb-buttons-wrap kb-btns1030_91fea1-79\"><\/div>\n<\/div><\/div>\n\n<\/div><\/div>\n\n\n\n\n<div class=\"wp-block-group alignfull has-global-padding is-layout-constrained wp-block-group-is-layout-constrained\">\n\n<div class=\"wp-block-kadence-column kadence-column4909_1d7202-20\"><div class=\"kt-inside-inner-col\">\n<h2 class=\"kt-adv-heading4909_6f8d35-e9 wp-block-kadence-advancedheading has-theme-palette-3-color has-text-color\" data-kb-block=\"kb-adv-heading4909_6f8d35-e9\">Misja w 3 s\u0142owach:<\/h2>\n<\/div><\/div>\n\n\n\n<div class=\"wp-block-kadence-column kadence-column4909_1886bf-70\"><div class=\"kt-inside-inner-col\">\n<h5 class=\"kt-adv-heading4909_ca6f0f-24 wp-block-kadence-advancedheading\" data-kb-block=\"kb-adv-heading4909_ca6f0f-24\">Chrze\u015bcija\u0144skie narz\u0119dzia energetyczne<\/h5>\n<\/div><\/div>\n\n\n\n\n\n<div class=\"wp-block-kadence-column kadence-column4909_7b764b-ab\"><div class=\"kt-inside-inner-col\">\n<h2 class=\"kt-adv-heading4909_47f12e-78 wp-block-kadence-advancedheading has-theme-palette-3-color has-text-color\" data-kb-block=\"kb-adv-heading4909_47f12e-78\">Misja w 10 s\u0142owach:<\/h2>\n<\/div><\/div>\n\n\n\n<div class=\"wp-block-kadence-column kadence-column4909_8520a4-0d\"><div class=\"kt-inside-inner-col\">\n<h5 class=\"kt-adv-heading4909_c572fb-01 wp-block-kadence-advancedheading\" data-kb-block=\"kb-adv-heading4909_c572fb-01\">Wzmocnienie pozycji chrze\u015bcijan na ca\u0142ym \u015bwiecie dzi\u0119ki praktycznym narz\u0119dziom do prawid\u0142owego \u017cycia chrze\u015bcija\u0144skiego.<\/h5>\n<\/div><\/div>\n\n\n\n\n\n<div class=\"wp-block-kadence-column kadence-column4909_e5a361-5e\"><div class=\"kt-inside-inner-col\">\n<h2 class=\"kt-adv-heading4909_1aaca7-72 wp-block-kadence-advancedheading has-theme-palette-3-color has-text-color\" data-kb-block=\"kb-adv-heading4909_1aaca7-72\">Wizja:<\/h2>\n<\/div><\/div>\n\n\n\n<div class=\"wp-block-kadence-column kadence-column4909_05fe82-44\"><div class=\"kt-inside-inner-col\">\n<h5 class=\"kt-adv-heading4909_c87361-49 wp-block-kadence-advancedheading\" data-kb-block=\"kb-adv-heading4909_c87361-49\">The Most Trusted Christian Information Source, Covering All of Life\u2019s Topics From A Christian Values Perspective and With Christian Integrity [Najbardziej zaufane chrze\u015bcija\u0144skie \u017ar\u00f3d\u0142o informacji, obejmuj\u0105ce wszystkie tematy \u017cycia z perspektywy warto\u015bci chrze\u015bcija\u0144skich i uczciwo\u015bci chrze\u015bcija\u0144skiej].<\/h5>\n<\/div><\/div>\n\n<\/div>\n\n\n\n\n<div class=\"wp-block-kadence-column kadence-column318_875853-fc inner-column-1\"><div class=\"kt-inside-inner-col\">\n<h1 class=\"kt-adv-heading318_ad1171-09 wp-block-kadence-advancedheading has-theme-palette-3-color has-text-color\" data-kb-block=\"kb-adv-heading318_ad1171-09\">Nasze przekonania<\/h1>\n<\/div><\/div>\n\n\n\n<div class=\"wp-block-kadence-column kadence-column318_fbd7d4-a9\"><div class=\"kt-inside-inner-col\">\n<h3 class=\"wp-block-heading has-large-font-size\">Chrystus jako przyk\u0142ad do walki<\/h3>\n\n\n\n<p>Wierzymy, \u017ce przyk\u0142ad Chrystusa jest tym, do czego wszyscy powinni\u015bmy d\u0105\u017cy\u0107. Zar\u00f3wno w swojej mi\u0142o\u015bci i wielkoduszno\u015bci, jak i w odwadze stawiania czo\u0142a niesprawiedliwo\u015bci, m\u00f3wienia prawdy, a nawet walki, gdy jest to konieczne.<\/p>\n\n\n\n<h3 class=\"wp-block-heading has-large-font-size\">W\u0142adza instytucji ko\u015bcielnych<\/h3>\n\n\n\n<p>Wierzymy w autorytet tradycyjnych instytucji ko\u015bcielnych, ustanowionych przez samego Jezusa (Ewangelia wg \u015bw. Chocia\u017c wszyscy maj\u0105 dost\u0119p do g\u0142osu Boga, ludzie w tradycyjnych instytucjach ko\u015bcielnych to wyszkoleni profesjonali\u015bci, kt\u00f3rzy po\u015bwi\u0119caj\u0105 ca\u0142y sw\u00f3j czas na s\u0142uchanie Boga. Wi\u0119kszo\u015b\u0107 ludzi jest po prostu zbyt roztargniona, aby us\u0142ysze\u0107 od Boga w taki sam spos\u00f3b, jak w\u0142adze ko\u015bcielne.<\/p>\n\n\n\n<h3 class=\"wp-block-heading has-large-font-size\">Ewolucja jako narz\u0119dzie Boga <\/h3>\n\n\n\n<p>Wierzymy w koncepcj\u0119 ewolucji teistycznej, zaakceptowan\u0105 przez&nbsp;<a href=\"https:\/\/en.m.wikipedia.org\/wiki\/Catholic_Church\">Ko\u015bci\u00f3\u0142 katolicki<\/a>,&nbsp;<a href=\"https:\/\/en.m.wikipedia.org\/wiki\/Evangelical_Lutheran_Church_in_America\">Ko\u015bci\u00f3\u0142 Ewangelicko-Lutera\u0144ski w Ameryce<\/a>,&nbsp;<a href=\"https:\/\/en.m.wikipedia.org\/wiki\/Episcopal_Church_(United_States)\">Ko\u015bci\u00f3\u0142 Episkopalny (Stany Zjednoczone)<\/a>, i kilka innych&nbsp;<a href=\"https:\/\/en.m.wikipedia.org\/wiki\/Mainline_(Protestant)\">G\u0142\u00f3wna linia protestancka&nbsp;<\/a>nazwy; Praktycznie wszystkie&nbsp;<a href=\"https:\/\/en.m.wikipedia.org\/wiki\/Judaism\">\u017cydowskie&nbsp;<\/a>nazwy; Inne grupy religijne, kt\u00f3rym brakuje&nbsp;<a href=\"https:\/\/en.m.wikipedia.org\/wiki\/Biblical_literalism\">literaturoznawcy<\/a>&nbsp;Postawa dotycz\u0105ca niekt\u00f3rych \u015bwi\u0119tych&nbsp;<a href=\"https:\/\/en.m.wikipedia.org\/wiki\/Scripture\">Pisma<\/a>. R\u00f3\u017cni literali\u015bci biblijni zaakceptowali lub zauwa\u017cyli otwarto\u015b\u0107 na to stanowisko, w tym teolog&nbsp;<a href=\"https:\/\/en.m.wikipedia.org\/wiki\/Benjamin_Breckinridge_Warfield\">B.B. Warfield<\/a>&nbsp;Ewangelista&nbsp;<a href=\"https:\/\/en.m.wikipedia.org\/wiki\/Billy_Graham\">Billy Graham<\/a>. Wyra\u017anie odrzucamy wiar\u0119 kreacjonist\u00f3w m\u0142odej ziemi jako zacofanych i toksycznych dla przysz\u0142o\u015bci chrze\u015bcija\u0144stwa.<\/p>\n\n\n\n<h3 class=\"wp-block-heading has-large-font-size\">Powstrzymywanie z\u0142a<\/h3>\n\n\n\n<p>Wierzymy, \u017ce prawdziwe z\u0142o istnieje. Odrzucamy ide\u0119&nbsp;<a href=\"https:\/\/en.wikipedia.org\/wiki\/Absence_of_good\" target=\"_blank\" rel=\"noreferrer noopener\">privatio boni<\/a>. Z\u0142o to nie tylko brak dobra, ale si\u0142a, kt\u00f3ra \u015bwiadomie d\u0105\u017cy do zniszczenia. Nasz\u0105 misj\u0105 jako chrze\u015bcijan jest rozpoznanie obecno\u015bci z\u0142a na ziemi i powstrzymanie tego z\u0142a, dop\u00f3ki Pan nie powr\u00f3ci.<\/p>\n\n\n\n<h3 class=\"wp-block-heading has-large-font-size\">Szatan jako instrument Boga<\/h3>\n\n\n\n<p>Pomimo istnienia z\u0142a, wierzymy, \u017ce B\u00f3g rz\u0105dzi nami z Chrystusem w jednej r\u0119ce, a szatanem w drugiej. Patrz\u0105c szerzej, z szerszej perspektywy na ca\u0142o\u015b\u0107, wierzymy, \u017ce z\u0142e machinacje szatana i nasza walka o ich powstrzymanie s\u0142u\u017c\u0105 stworzeniu wzrostu ludzko\u015bci na obraz Boga.<\/p>\n<\/div><\/div>\n\n\n\n\n\n<div class=\"wp-block-kadence-column kadence-column10408_7dc9bd-75\"><div class=\"kt-inside-inner-col\">\n<h6 class=\"kt-adv-heading10408_5c4981-6f wp-block-kadence-advancedheading has-theme-palette-1-color has-text-color\" data-kb-block=\"kb-adv-heading10408_5c4981-6f\">TWOJE ZMIANY DOTYCZ\u0104CE \u017bYCIA<\/h6>\n\n\n\n<h2 class=\"kt-adv-heading10408_5a2341-ee wp-block-kadence-advancedheading has-theme-palette-3-color has-text-color\" data-kb-block=\"kb-adv-heading10408_5a2341-ee\">Co robimy z Twoimi darowiznami<\/h2>\n\n\n\n<p class=\"kt-adv-heading10408_d66766-c3 wp-block-kadence-advancedheading has-theme-palette-3-color has-text-color\" data-kb-block=\"kb-adv-heading10408_d66766-c3\">Darowizny od ludzi takich jak ty pomagaj\u0105 nam walczy\u0107 w s\u0142usznej walce:<\/p>\n\n\n\n\n<div class=\"wp-block-kadence-column kadence-column10408_3d5f95-e9\"><div class=\"kt-inside-inner-col\">\n<h3 class=\"kt-adv-heading10408_447fde-2d wp-block-kadence-advancedheading has-theme-palette-4-color has-text-color\" data-kb-block=\"kb-adv-heading10408_447fde-2d\">Wspieraj prze\u015bladowanych chrze\u015bcijan<\/h3>\n\n\n\n<p class=\"kt-adv-heading10408_ec2ae6-ee wp-block-kadence-advancedheading\" data-kb-block=\"kb-adv-heading10408_ec2ae6-ee\">Ka\u017cdego dnia prze\u015bladowane s\u0105 miliony chrze\u015bcijan. Pomagamy im znale\u017a\u0107 bezpiecze\u0144stwo i wsparcie.<\/p>\n\n\n\n<div class=\"wp-block-kadence-spacer aligncenter kt-block-spacer-10408_9e2360-40\"><div class=\"kt-block-spacer kt-block-spacer-halign-center\"><hr class=\"kt-divider\"\/><\/div><\/div>\n\n\n\n<h3 class=\"kt-adv-heading10408_85349c-4d wp-block-kadence-advancedheading has-theme-palette-4-color has-text-color\" data-kb-block=\"kb-adv-heading10408_85349c-4d\">Chrze\u015bcija\u0144skie rodziny w potrzebie<\/h3>\n\n\n\n<p class=\"kt-adv-heading10408_640cb2-63 wp-block-kadence-advancedheading\" data-kb-block=\"kb-adv-heading10408_640cb2-63\">Pomagamy g\u0142oduj\u0105cym rodzinom z jedzeniem i pomagamy dzieciom wr\u00f3ci\u0107 do szko\u0142y.<\/p>\n<\/div><\/div>\n\n\n\n<div class=\"wp-block-kadence-column kadence-column10408_f9ea92-6f\"><div class=\"kt-inside-inner-col\">\n<figure class=\"wp-block-kadence-image kb-image10408_942fcc-f7 kb-image-is-ratio-size\"><div class=\"kb-is-ratio-image kb-image-ratio-port23\"><img data-recalc-dims=\"1\" loading=\"lazy\" decoding=\"async\" width=\"1720\" height=\"1080\" src=\"https:\/\/i0.wp.com\/spiritualpure.com\/wp-content\/uploads\/2024\/09\/watercolor_style_with_realism_jesus_holding_a_lamb_i227c2_05004.webp?resize=1720%2C1080&#038;ssl=1\" class=\"kb-img wp-image-10763\" srcset=\"https:\/\/i0.wp.com\/spiritualpure.com\/wp-content\/uploads\/2024\/09\/watercolor_style_with_realism_jesus_holding_a_lamb_i227c2_05004.webp?w=1720&amp;ssl=1 1720w, https:\/\/i0.wp.com\/spiritualpure.com\/wp-content\/uploads\/2024\/09\/watercolor_style_with_realism_jesus_holding_a_lamb_i227c2_05004.webp?resize=600%2C377&amp;ssl=1 600w, https:\/\/i0.wp.com\/spiritualpure.com\/wp-content\/uploads\/2024\/09\/watercolor_style_with_realism_jesus_holding_a_lamb_i227c2_05004.webp?resize=768%2C482&amp;ssl=1 768w, https:\/\/i0.wp.com\/spiritualpure.com\/wp-content\/uploads\/2024\/09\/watercolor_style_with_realism_jesus_holding_a_lamb_i227c2_05004.webp?resize=1536%2C964&amp;ssl=1 1536w, https:\/\/i0.wp.com\/spiritualpure.com\/wp-content\/uploads\/2024\/09\/watercolor_style_with_realism_jesus_holding_a_lamb_i227c2_05004.webp?resize=18%2C12&amp;ssl=1 18w\" sizes=\"auto, (max-width: 1000px) 100vw, 1000px\" \/><\/div><\/figure>\n\n\n\n<div class=\"wp-block-kadence-advancedbtn kb-buttons-wrap kb-btns10408_58fcde-1a\"><\/div>\n<\/div><\/div>\n\n\n\n<div class=\"wp-block-kadence-column kadence-column10408_5e47f8-10\"><div class=\"kt-inside-inner-col\">\n<h3 class=\"kt-adv-heading10408_a8dcd6-4d wp-block-kadence-advancedheading has-theme-palette-4-color has-text-color\" data-kb-block=\"kb-adv-heading10408_a8dcd6-4d\">Walka z rozprzestrzenianiem si\u0119 terroryzmu islamskiego<\/h3>\n\n\n\n<p class=\"kt-adv-heading10408_652709-d0 wp-block-kadence-advancedheading\" data-kb-block=\"kb-adv-heading10408_652709-d0\">Islamscy terrory\u015bci s\u0105 najwi\u0119kszym zagro\u017ceniem dla wolnego \u015bwiata, a my pomagamy powstrzyma\u0107 ich rozprzestrzenianie si\u0119 poprzez ewangelizacj\u0119 Ewangelii.<\/p>\n\n\n\n<div class=\"wp-block-kadence-spacer aligncenter kt-block-spacer-10408_7d7e60-d2\"><div class=\"kt-block-spacer kt-block-spacer-halign-center\"><hr class=\"kt-divider\"\/><\/div><\/div>\n\n\n\n<h3 class=\"kt-adv-heading10408_335d51-65 wp-block-kadence-advancedheading has-theme-palette-4-color has-text-color\" data-kb-block=\"kb-adv-heading10408_335d51-65\">Rozw\u00f3j i ewangelizacja na ca\u0142ym \u015bwiecie<\/h3>\n\n\n\n<p class=\"kt-adv-heading10408_e2f270-97 wp-block-kadence-advancedheading\" data-kb-block=\"kb-adv-heading10408_e2f270-97\">Wci\u0105\u017c rozwijamy si\u0119 w mediach, pisz\u0105c wysokiej jako\u015bci tre\u015bci dla Ciebie, naszych czytelnik\u00f3w.<\/p>\n<\/div><\/div>\n\n<\/div><\/div>\n\n\n\n\n\n<div class=\"wp-block-kadence-column kadence-column318_9e3560-36\"><div class=\"kt-inside-inner-col\">\n\n<div class=\"wp-block-kadence-column kadence-column318_765629-23\"><div class=\"kt-inside-inner-col\">\n<h2 class=\"kt-adv-heading318_1e7530-3f wp-block-kadence-advancedheading has-theme-palette-9-color has-text-color\" data-kb-block=\"kb-adv-heading318_1e7530-3f\">$2 na miesi\u0105c to wszystko, czego potrzeba, aby rozwin\u0105\u0107 ruch.<\/h2>\n<\/div><\/div>\n\n<\/div><\/div>\n\n\n\n<div class=\"wp-block-kadence-column kadence-column318_5f211e-2f\"><div class=\"kt-inside-inner-col\">\n\n<div class=\"wp-block-kadence-column kadence-column318_5fc819-56\"><div class=\"kt-inside-inner-col\">\n<div class=\"wp-block-kadence-advancedbtn kb-buttons-wrap kb-btns318_a2fdd8-53\"><\/div>\n<\/div><\/div>\n\n<\/div><\/div>","protected":false},"excerpt":{"rendered":"","protected":false},"author":1,"featured_media":0,"parent":0,"menu_order":0,"comment_status":"closed","ping_status":"closed","template":"","meta":{"_acf_changed":false,"footnotes":""},"class_list":["post-318","page","type-page","status-publish","hentry"],"mb":[],"acf":[],"jetpack_sharing_enabled":true,"jetpack-related-posts":[],"jetpack_likes_enabled":true,"mfb_rest_fields":["title","wpcom_performance_report_url","jetpack_sharing_enabled","jetpack-related-posts","jetpack_likes_enabled"],"_links":{"self":[{"href":"https:\/\/spiritualpure.com\/pl\/wp-json\/wp\/v2\/pages\/318","targetHints":{"allow":["GET"]}}],"collection":[{"href":"https:\/\/spiritualpure.com\/pl\/wp-json\/wp\/v2\/pages"}],"about":[{"href":"https:\/\/spiritualpure.com\/pl\/wp-json\/wp\/v2\/types\/page"}],"author":[{"embeddable":true,"href":"https:\/\/spiritualpure.com\/pl\/wp-json\/wp\/v2\/users\/1"}],"replies":[{"embeddable":true,"href":"https:\/\/spiritualpure.com\/pl\/wp-json\/wp\/v2\/comments?post=318"}],"version-history":[{"count":0,"href":"https:\/\/spiritualpure.com\/pl\/wp-json\/wp\/v2\/pages\/318\/revisions"}],"wp:attachment":[{"href":"https:\/\/spiritualpure.com\/pl\/wp-json\/wp\/v2\/media?parent=318"}],"curies":[{"name":"wp","href":"https:\/\/api.w.org\/{rel}","templated":true}]}}