{"id":7,"date":"2022-05-05T15:47:43","date_gmt":"2022-05-05T15:47:43","guid":{"rendered":"https:\/\/startertemplatecloud.com\/g23\/?page_id=7"},"modified":"2025-04-01T16:03:10","modified_gmt":"2025-04-01T16:03:10","slug":"home","status":"publish","type":"page","link":"https:\/\/spiritualpure.com\/pl\/","title":{"rendered":"Strona g\u0142\u00f3wna"},"content":{"rendered":"<div class=\"wp-block-group alignfull is-layout-flow wp-block-group-is-layout-flow\" style=\"margin-top:0;margin-bottom:0;padding-top:calc( 0.5 * var(--wp--style--root--padding-right, var(--wp--custom--gap--horizontal)));padding-right:var(--wp--style--root--padding-right, var(--wp--custom--gap--horizontal));padding-bottom:calc( 0.5 * var(--wp--style--root--padding-right, var(--wp--custom--gap--horizontal)));padding-left:var(--wp--style--root--padding-left, var(--wp--custom--gap--horizontal))\">\n<div style=\"height:calc( 0.25 * var(--wp--style--root--padding-right, var(--wp--custom--gap--horizontal)))\" aria-hidden=\"true\" class=\"wp-block-spacer\"><\/div>\n\n\n\n<div class=\"wp-block-group has-background has-global-padding is-layout-constrained wp-container-core-group-is-layout-a788cced wp-block-group-is-layout-constrained\" style=\"background:radial-gradient(rgb(0,143,126) 0%,rgb(0,89,79) 100%);padding-top:var(--wp--preset--spacing--80);padding-bottom:var(--wp--preset--spacing--80)\">\n<h2 class=\"wp-block-heading alignwide has-text-align-center has-tertiary-color has-text-color has-link-color has-xx-large-font-size wp-elements-73514dbd12b5cbd81cf9d49e11dd4e67\">Znajd\u017a swoje uzdrowienie<\/h2>\n\n\n\n<p class=\"has-text-align-center has-background-color has-text-color has-link-color wp-elements-a0f3821df568da86f3ca94d46c2abdcc\">Znajd\u017a jasno\u015b\u0107, spok\u00f3j i wewn\u0119trzn\u0105 si\u0142\u0119. Poznaj praktyczne narz\u0119dzia i inspiruj\u0105ce spostrze\u017cenia dotycz\u0105ce Twojej duchowej podr\u00f3\u017cy, zaprojektowane tak, aby pom\u00f3c Ci \u017cy\u0107 bardziej autentycznym i satysfakcjonuj\u0105cym \u017cyciem.<\/p>\n<\/div>\n<\/div>\n\n\n\n<div class=\"wp-block-group alignfull has-global-padding is-layout-constrained wp-block-group-is-layout-constrained\"><ul class=\"wp-block-latest-posts__list is-grid columns-2 alignwide wp-block-latest-posts\"><li><a class=\"wp-block-latest-posts__post-title\" href=\"https:\/\/spiritualpure.com\/pl\/crystals\/sunstone-its-light-and-healing-power\/\">Kamie\u0144 s\u0142oneczny: \u015awiat\u0142o i uzdrawiaj\u0105ca moc<\/a><\/li>\n<li><a class=\"wp-block-latest-posts__post-title\" href=\"https:\/\/spiritualpure.com\/pl\/crystals\/spiritual-meaning-of-hematite\/\">Kryszta\u0142y: Czy hematyt ma znaczenie duchowe poza uzdrowieniem?<\/a><\/li>\n<li><a class=\"wp-block-latest-posts__post-title\" href=\"https:\/\/spiritualpure.com\/pl\/numerology\/angel-number-8888-meaning\/\">Numerologia: Co oznacza dla Ciebie numer 8888?<\/a><\/li>\n<li><a class=\"wp-block-latest-posts__post-title\" href=\"https:\/\/spiritualpure.com\/pl\/crystals\/spiritual-meaning-of-tigers-eye\/\">Kryszta\u0142y: Jakie jest duchowe znaczenie oka tygrysa?<\/a><\/li>\n<li><a class=\"wp-block-latest-posts__post-title\" href=\"https:\/\/spiritualpure.com\/pl\/numerology\/spiritual-significance-angel-number-9\/\">Numerologia: Jakie jest duchowe znaczenie Anio\u0142a Numeru 9?<\/a><\/li>\n<li><a class=\"wp-block-latest-posts__post-title\" href=\"https:\/\/spiritualpure.com\/pl\/crystals\/labradorite-key-properties\/\">Kryszta\u0142y: Co czyni labradoryt magicznym kamieniem?<\/a><\/li>\n<li><a class=\"wp-block-latest-posts__post-title\" href=\"https:\/\/spiritualpure.com\/pl\/numerology\/angel-number-2222-meaning\/\">Numerologia: Co oznacza liczba 2222?<\/a><\/li>\n<li><a class=\"wp-block-latest-posts__post-title\" href=\"https:\/\/spiritualpure.com\/pl\/numerology\/angel-numbers\/555-angel-number-meaning\/\">Numery anio\u0142\u00f3w: Co oznacza 555 duchowo?<\/a><\/li>\n<li><a class=\"wp-block-latest-posts__post-title\" href=\"https:\/\/spiritualpure.com\/pl\/numerology\/spiritual-meaning-angel-number-711\/\">Numerologia: Jakie jest duchowe znaczenie numeru anio\u0142a 711?<\/a><\/li>\n<li><a class=\"wp-block-latest-posts__post-title\" href=\"https:\/\/spiritualpure.com\/pl\/crystals\/what-is-tourmaline\/\">Kryszta\u0142y: Czy Tourmaline jest po prostu pi\u0119knym kamieniem szlachetnym?<\/a><\/li>\n<li><a class=\"wp-block-latest-posts__post-title\" href=\"https:\/\/spiritualpure.com\/pl\/crystals\/taurus-birthstone\/\">Kryszta\u0142y: Czym jest tradycyjny kamie\u0144 urodzeniowy Taurusa?<\/a><\/li>\n<li><a class=\"wp-block-latest-posts__post-title\" href=\"https:\/\/spiritualpure.com\/pl\/crystals\/carnelian-basics-properties\/\">Kryszta\u0142y: Jakie s\u0105 duchowe zalety karneliusza?<\/a><\/li>\n<li><a class=\"wp-block-latest-posts__post-title\" href=\"https:\/\/spiritualpure.com\/pl\/numerology\/spiritual-meaning-angel-number-101\/\">Numerologia: Co oznacza \"anio\u0142 numer 101\"?<\/a><\/li>\n<li><a class=\"wp-block-latest-posts__post-title\" href=\"https:\/\/spiritualpure.com\/pl\/numerology\/spiritual-meaning-angel-number-11\/\">Numerologia: Jakie jest duchowe znaczenie liczby 11?<\/a><\/li>\n<li><a class=\"wp-block-latest-posts__post-title\" href=\"https:\/\/spiritualpure.com\/pl\/crystals\/obsidian-formation-spiritual-meaning\/\">Kryszta\u0142y: W jaki spos\u00f3b Obsidian jest formowany i u\u017cywany duchowo?<\/a><\/li>\n<li><a class=\"wp-block-latest-posts__post-title\" href=\"https:\/\/spiritualpure.com\/pl\/numerology\/angel-numbers\/angel-number-3-significance\/\">Numery anio\u0142\u00f3w: Co oznacza \"Anio\u0142 numer 3\" duchowo?<\/a><\/li>\n<li><a class=\"wp-block-latest-posts__post-title\" href=\"https:\/\/spiritualpure.com\/pl\/numerology\/spiritual-meaning-angel-number-23\/\">Numerologia: Co oznacza liczba 23 duchowo?<\/a><\/li>\n<li><a class=\"wp-block-latest-posts__post-title\" href=\"https:\/\/spiritualpure.com\/pl\/numerology\/spiritual-meaning-angel-number-24\/\">Numerologia: Co oznacza \"anio\u0142 numer 24\"?<\/a><\/li>\n<li><a class=\"wp-block-latest-posts__post-title\" href=\"https:\/\/spiritualpure.com\/pl\/crystals\/what-is-sunstone-properties\/\">Kryszta\u0142y: Jakie s\u0105 kluczowe w\u0142a\u015bciwo\u015bci Sunstone?<\/a><\/li>\n<li><a class=\"wp-block-latest-posts__post-title\" href=\"https:\/\/spiritualpure.com\/pl\/astrology\/5th-house-astrology-meaning\/\">Astrologia: Co m\u00f3wi o Tobie Pi\u0105ty Dom?<\/a><\/li>\n<\/ul><\/div>","protected":false},"excerpt":{"rendered":"<p>Znajd\u017a swoje uzdrowienie Znajd\u017a jasno\u015b\u0107, spok\u00f3j i wewn\u0119trzn\u0105 si\u0142\u0119. Poznaj praktyczne narz\u0119dzia i inspiruj\u0105ce spostrze\u017cenia dotycz\u0105ce Twojej duchowej podr\u00f3\u017cy, zaprojektowane tak, aby pom\u00f3c Ci \u017cy\u0107 bardziej autentycznym i satysfakcjonuj\u0105cym \u017cyciem.<\/p>","protected":false},"author":1,"featured_media":0,"parent":0,"menu_order":0,"comment_status":"closed","ping_status":"closed","template":"","meta":{"_acf_changed":false,"footnotes":""},"class_list":["post-7","page","type-page","status-publish","hentry"],"mb":[],"acf":[],"jetpack_sharing_enabled":true,"jetpack-related-posts":[],"jetpack_likes_enabled":true,"mfb_rest_fields":["title","wpcom_performance_report_url","jetpack_sharing_enabled","jetpack-related-posts","jetpack_likes_enabled"],"_links":{"self":[{"href":"https:\/\/spiritualpure.com\/pl\/wp-json\/wp\/v2\/pages\/7","targetHints":{"allow":["GET"]}}],"collection":[{"href":"https:\/\/spiritualpure.com\/pl\/wp-json\/wp\/v2\/pages"}],"about":[{"href":"https:\/\/spiritualpure.com\/pl\/wp-json\/wp\/v2\/types\/page"}],"author":[{"embeddable":true,"href":"https:\/\/spiritualpure.com\/pl\/wp-json\/wp\/v2\/users\/1"}],"replies":[{"embeddable":true,"href":"https:\/\/spiritualpure.com\/pl\/wp-json\/wp\/v2\/comments?post=7"}],"version-history":[{"count":9,"href":"https:\/\/spiritualpure.com\/pl\/wp-json\/wp\/v2\/pages\/7\/revisions"}],"predecessor-version":[{"id":22196,"href":"https:\/\/spiritualpure.com\/pl\/wp-json\/wp\/v2\/pages\/7\/revisions\/22196"}],"wp:attachment":[{"href":"https:\/\/spiritualpure.com\/pl\/wp-json\/wp\/v2\/media?parent=7"}],"curies":[{"name":"wp","href":"https:\/\/api.w.org\/{rel}","templated":true}]}}