{"id":318,"date":"2021-12-03T07:08:10","date_gmt":"2021-12-03T07:08:10","guid":{"rendered":"https:\/\/stage.startertemplatecloud.com\/g23\/?page_id=318"},"modified":"2024-09-29T13:45:54","modified_gmt":"2024-09-29T13:45:54","slug":"about","status":"publish","type":"page","link":"https:\/\/spiritualpure.com\/pt\/about\/","title":{"rendered":"Acerca de"},"content":{"rendered":"<div class=\"wp-block-kadence-column kadence-column318_3392df-a9\"><div class=\"kt-inside-inner-col\">\n<figure class=\"wp-block-kadence-image kb-image318_7934ce-c5 size-full\"><img data-recalc-dims=\"1\" loading=\"lazy\" decoding=\"async\" width=\"1600\" height=\"900\" src=\"https:\/\/i0.wp.com\/spiritualpure.com\/wp-content\/uploads\/2024\/05\/Diverse-Group-p-1600.webp?resize=1600%2C900&#038;ssl=1\" alt=\"\" class=\"kb-img wp-image-1076\" srcset=\"https:\/\/i0.wp.com\/spiritualpure.com\/wp-content\/uploads\/2024\/05\/Diverse-Group-p-1600.webp?w=1600&amp;ssl=1 1600w, https:\/\/i0.wp.com\/spiritualpure.com\/wp-content\/uploads\/2024\/05\/Diverse-Group-p-1600.webp?resize=300%2C169&amp;ssl=1 300w, https:\/\/i0.wp.com\/spiritualpure.com\/wp-content\/uploads\/2024\/05\/Diverse-Group-p-1600.webp?resize=1024%2C576&amp;ssl=1 1024w, https:\/\/i0.wp.com\/spiritualpure.com\/wp-content\/uploads\/2024\/05\/Diverse-Group-p-1600.webp?resize=768%2C432&amp;ssl=1 768w, https:\/\/i0.wp.com\/spiritualpure.com\/wp-content\/uploads\/2024\/05\/Diverse-Group-p-1600.webp?resize=18%2C10&amp;ssl=1 18w\" sizes=\"auto, (max-width: 1000px) 100vw, 1000px\" \/><\/figure>\n<\/div><\/div>\n\n\n\n\n<div class=\"wp-block-kadence-column kadence-column1030_895248-4f inner-column-1\"><div class=\"kt-inside-inner-col\">\n<h2 class=\"kt-adv-heading1030_c0071a-18 wp-block-kadence-advancedheading has-theme-palette-4-color has-text-color\" data-kb-block=\"kb-adv-heading1030_c0071a-18\">Tivemos um crescimento louco nos \u00faltimos 18 meses. <\/h2>\n\n\n\n<h2 class=\"kt-adv-heading1030_78a111-b5 wp-block-kadence-advancedheading\" data-kb-block=\"kb-adv-heading1030_78a111-b5\">Mas temos um problema.<\/h2>\n\n\n\n<div class=\"wp-block-kadence-icon kt-svg-icons kt-svg-icons1030_f240ee-d0 alignnone\">\n<div class=\"wp-block-kadence-single-icon kt-svg-style-default kt-svg-icon-wrap kt-svg-item-1030_fa9882-1b\"><span data-name=\"fe_chevronsDown\" data-stroke=\"2\" class=\"kadence-dynamic-icon\"><\/span><\/div>\n<\/div>\n<\/div><\/div>\n\n\n\n<div class=\"wp-block-kadence-column kadence-column1030_1f562e-9a inner-column-2\"><div class=\"kt-inside-inner-col\">\n\n<div class=\"wp-block-kadence-column kadence-column1030_1ad6a8-71 kvs-sm-false inner-column-1\"><div class=\"kt-inside-inner-col\">\n<figure class=\"wp-block-kadence-image kb-image1030_81e8f2-70 size-full kb-image-is-ratio-size is-style-rounded change\"><div class=\"kb-is-ratio-image kb-image-ratio-square\"><img data-recalc-dims=\"1\" loading=\"lazy\" decoding=\"async\" width=\"1820\" height=\"1020\" src=\"https:\/\/i0.wp.com\/spiritualpure.com\/wp-content\/uploads\/2024\/09\/An_oil_painting_in_high_renaissance_style_depicting_27b58_03434.webp?resize=1820%2C1020&#038;ssl=1\" alt=\"\" class=\"kb-img wp-image-10458\" srcset=\"https:\/\/i0.wp.com\/spiritualpure.com\/wp-content\/uploads\/2024\/09\/An_oil_painting_in_high_renaissance_style_depicting_27b58_03434.webp?w=1820&amp;ssl=1 1820w, https:\/\/i0.wp.com\/spiritualpure.com\/wp-content\/uploads\/2024\/09\/An_oil_painting_in_high_renaissance_style_depicting_27b58_03434.webp?resize=600%2C336&amp;ssl=1 600w, https:\/\/i0.wp.com\/spiritualpure.com\/wp-content\/uploads\/2024\/09\/An_oil_painting_in_high_renaissance_style_depicting_27b58_03434.webp?resize=768%2C430&amp;ssl=1 768w, https:\/\/i0.wp.com\/spiritualpure.com\/wp-content\/uploads\/2024\/09\/An_oil_painting_in_high_renaissance_style_depicting_27b58_03434.webp?resize=1536%2C861&amp;ssl=1 1536w, https:\/\/i0.wp.com\/spiritualpure.com\/wp-content\/uploads\/2024\/09\/An_oil_painting_in_high_renaissance_style_depicting_27b58_03434.webp?resize=18%2C10&amp;ssl=1 18w\" sizes=\"auto, (max-width: 1000px) 100vw, 1000px\" \/><\/div><\/figure>\n<\/div><\/div>\n\n\n\n<div class=\"wp-block-kadence-column kadence-column1030_812d89-8b inner-column-2\"><div class=\"kt-inside-inner-col\">\n<div class=\"wp-block-kadence-infobox kt-info-box1030_29e708-2d\"><span class=\"kt-blocks-info-box-link-wrap info-box-link kt-blocks-info-box-media-align-top kt-info-halign-left\"><div class=\"kt-infobox-textcontent\"><h3 class=\"kt-blocks-info-box-title\">500.000+<\/h3><p class=\"kt-blocks-info-box-text\">Leitores Activos Mensais<\/p><\/div><\/span><\/div>\n\n\n\n<div class=\"wp-block-kadence-infobox kt-info-box1030_2d11e1-c0\"><span class=\"kt-blocks-info-box-link-wrap info-box-link kt-blocks-info-box-media-align-top kt-info-halign-left\"><div class=\"kt-infobox-textcontent\"><h3 class=\"kt-blocks-info-box-title\">20%+<\/h3><p class=\"kt-blocks-info-box-text\">M\u00eas a m\u00eas Crescimento<\/p><\/div><\/span><\/div>\n\n\n\n<div class=\"wp-block-kadence-infobox kt-info-box1030_a659d4-51\"><span class=\"kt-blocks-info-box-link-wrap info-box-link kt-blocks-info-box-media-align-top kt-info-halign-left\"><div class=\"kt-infobox-textcontent\"><h3 class=\"kt-blocks-info-box-title\">10.000+<\/h3><p class=\"kt-blocks-info-box-text\">Assinantes Mensais de E-mail<\/p><\/div><\/span><\/div>\n<\/div><\/div>\n\n<\/div><\/div>\n\n\n\n\n\n<div class=\"wp-block-kadence-column kadence-column10933_0e8a06-11\"><div class=\"kt-inside-inner-col\">\n<h2 class=\"kt-adv-heading10933_6dd5d3-6b wp-block-kadence-advancedheading has-theme-palette-9-color has-text-color\" data-kb-block=\"kb-adv-heading10933_6dd5d3-6b\"><strong>Inferior a 1% Os leitores semeiam-se neste movimento. <\/strong><\/h2>\n<\/div><\/div>\n\n\n\n<div class=\"wp-block-kadence-column kadence-column10933_42a82b-3f kb-section-dir-vertical kb-section-md-dir-vertical kb-section-sm-dir-vertical\"><div class=\"kt-inside-inner-col\">\n\n<div class=\"wp-block-kadence-column kadence-column10933_546dff-f3\"><div class=\"kt-inside-inner-col\">\n<div class=\"wp-block-kadence-countup kb-count-up-10933_356a17-92 kb-count-up\" data-start=\"0\" data-end=\"362\" data-prefix=\"\" data-suffix=\"\" data-duration=\"2.5\" data-separator=\"\"><div class=\"kb-count-up-process kb-count-up-number\"><\/div><div class=\"kb-count-up-title\">Doa\u00e7\u00f5es este ano<\/div><\/div>\n\n\n\n<div class=\"wp-block-kadence-advancedbtn kb-buttons-wrap kb-btns10933_9470e6-56\"><\/div>\n<\/div><\/div>\n\n<\/div><\/div>\n\n\n\n\n\n<div class=\"wp-block-kadence-column kadence-column1030_641f83-31\"><div class=\"kt-inside-inner-col\">\n<a href=\"#XTKQPAWW\" style=\"display: none\"><\/a>\n<\/div><\/div>\n\n\n\n<div class=\"wp-block-kadence-column kadence-column1030_ad8e91-8e inner-column-1\"><div class=\"kt-inside-inner-col\">\n<h2 class=\"kt-adv-heading1030_0656de-bc wp-block-kadence-advancedheading has-theme-palette-9-color has-text-color\" data-kb-block=\"kb-adv-heading1030_0656de-bc\">Agradecemos a todos os apoiantes.<\/h2>\n\n\n\n<p class=\"kt-adv-heading1030_314a14-85 wp-block-kadence-advancedheading has-theme-palette-8-color has-text-color\" data-kb-block=\"kb-adv-heading1030_314a14-85\">Todos os dias, pessoas normais como tu doam, apoiam e mant\u00eam este movimento.<\/p>\n\n\n\n<div class=\"wp-block-kadence-advancedbtn kb-buttons-wrap kb-btns1030_2521a0-a2\"><\/div>\n<\/div><\/div>\n\n\n\n\n\n<div class=\"wp-block-kadence-column kadence-column10923_1e216a-29 inner-column-2\"><div class=\"kt-inside-inner-col\">\n<h2 class=\"kt-adv-heading10923_db527d-fb wp-block-kadence-advancedheading has-theme-palette-3-color has-text-color\" data-kb-block=\"kb-adv-heading10923_db527d-fb\">Mas imaginem o que poder\u00edamos realizar se todos nos junt\u00e1ssemos como crentes.<\/h2>\n<\/div><\/div>\n\n\n\n<div class=\"wp-block-kadence-column kadence-column10923_5df203-2f inner-column-1\"><div class=\"kt-inside-inner-col\">\n<div class=\"wp-block-kadence-column kadence-column10923_3afcdb-8e\"><div class=\"kt-inside-inner-col\">\n<figure class=\"wp-block-kadence-image kb-image10923_880efc-a9 kb-image-is-ratio-size\"><div class=\"kb-is-ratio-image kb-image-ratio-square\"><img data-recalc-dims=\"1\" loading=\"lazy\" decoding=\"async\" width=\"1720\" height=\"1080\" src=\"https:\/\/i0.wp.com\/spiritualpure.com\/wp-content\/uploads\/2024\/09\/lamb_symbol_of_sacrifice_sitting_calmly_in_the_stylea8e78_04038.webp?resize=1720%2C1080&#038;ssl=1\" alt=\"\" class=\"kb-img wp-image-10552\" srcset=\"https:\/\/i0.wp.com\/spiritualpure.com\/wp-content\/uploads\/2024\/09\/lamb_symbol_of_sacrifice_sitting_calmly_in_the_stylea8e78_04038.webp?w=1720&amp;ssl=1 1720w, https:\/\/i0.wp.com\/spiritualpure.com\/wp-content\/uploads\/2024\/09\/lamb_symbol_of_sacrifice_sitting_calmly_in_the_stylea8e78_04038.webp?resize=600%2C377&amp;ssl=1 600w, https:\/\/i0.wp.com\/spiritualpure.com\/wp-content\/uploads\/2024\/09\/lamb_symbol_of_sacrifice_sitting_calmly_in_the_stylea8e78_04038.webp?resize=768%2C482&amp;ssl=1 768w, https:\/\/i0.wp.com\/spiritualpure.com\/wp-content\/uploads\/2024\/09\/lamb_symbol_of_sacrifice_sitting_calmly_in_the_stylea8e78_04038.webp?resize=1536%2C964&amp;ssl=1 1536w, https:\/\/i0.wp.com\/spiritualpure.com\/wp-content\/uploads\/2024\/09\/lamb_symbol_of_sacrifice_sitting_calmly_in_the_stylea8e78_04038.webp?resize=18%2C12&amp;ssl=1 18w\" sizes=\"auto, (max-width: 1000px) 100vw, 1000px\" \/><\/div><\/figure>\n<\/div><\/div>\n\n\n\n<figure class=\"wp-block-kadence-image kb-image10923_fa54ea-1b kb-image-is-ratio-size\"><div class=\"kb-is-ratio-image kb-image-ratio-square\"><img data-recalc-dims=\"1\" loading=\"lazy\" decoding=\"async\" width=\"1720\" height=\"1080\" src=\"https:\/\/i0.wp.com\/spiritualpure.com\/wp-content\/uploads\/2024\/09\/mosaic_portrayal_of_saint_peter_holding_the_keys_t48ee2_00448.webp?resize=1720%2C1080&#038;ssl=1\" alt=\"\" class=\"kb-img wp-image-10910\" srcset=\"https:\/\/i0.wp.com\/spiritualpure.com\/wp-content\/uploads\/2024\/09\/mosaic_portrayal_of_saint_peter_holding_the_keys_t48ee2_00448.webp?w=1720&amp;ssl=1 1720w, https:\/\/i0.wp.com\/spiritualpure.com\/wp-content\/uploads\/2024\/09\/mosaic_portrayal_of_saint_peter_holding_the_keys_t48ee2_00448.webp?resize=600%2C377&amp;ssl=1 600w, https:\/\/i0.wp.com\/spiritualpure.com\/wp-content\/uploads\/2024\/09\/mosaic_portrayal_of_saint_peter_holding_the_keys_t48ee2_00448.webp?resize=768%2C482&amp;ssl=1 768w, https:\/\/i0.wp.com\/spiritualpure.com\/wp-content\/uploads\/2024\/09\/mosaic_portrayal_of_saint_peter_holding_the_keys_t48ee2_00448.webp?resize=1536%2C964&amp;ssl=1 1536w, https:\/\/i0.wp.com\/spiritualpure.com\/wp-content\/uploads\/2024\/09\/mosaic_portrayal_of_saint_peter_holding_the_keys_t48ee2_00448.webp?resize=18%2C12&amp;ssl=1 18w\" sizes=\"auto, (max-width: 1000px) 100vw, 1000px\" \/><\/div><\/figure>\n\n\n\n<div class=\"wp-block-kadence-column kadence-column10923_bd0d06-06\"><div class=\"kt-inside-inner-col\">\n<figure class=\"wp-block-kadence-image kb-image10923_08d6fd-de kb-image-is-ratio-size\"><div class=\"kb-is-ratio-image kb-image-ratio-land43\"><img data-recalc-dims=\"1\" loading=\"lazy\" decoding=\"async\" width=\"1720\" height=\"1080\" src=\"https:\/\/i0.wp.com\/spiritualpure.com\/wp-content\/uploads\/2024\/09\/painting_of_a_dove_carrying_an_olive_branch_in_a_re5a_0000978.webp?resize=1720%2C1080&#038;ssl=1\" alt=\"\" class=\"kb-img wp-image-10472\" srcset=\"https:\/\/i0.wp.com\/spiritualpure.com\/wp-content\/uploads\/2024\/09\/painting_of_a_dove_carrying_an_olive_branch_in_a_re5a_0000978.webp?w=1720&amp;ssl=1 1720w, https:\/\/i0.wp.com\/spiritualpure.com\/wp-content\/uploads\/2024\/09\/painting_of_a_dove_carrying_an_olive_branch_in_a_re5a_0000978.webp?resize=600%2C377&amp;ssl=1 600w, https:\/\/i0.wp.com\/spiritualpure.com\/wp-content\/uploads\/2024\/09\/painting_of_a_dove_carrying_an_olive_branch_in_a_re5a_0000978.webp?resize=768%2C482&amp;ssl=1 768w, https:\/\/i0.wp.com\/spiritualpure.com\/wp-content\/uploads\/2024\/09\/painting_of_a_dove_carrying_an_olive_branch_in_a_re5a_0000978.webp?resize=1536%2C964&amp;ssl=1 1536w, https:\/\/i0.wp.com\/spiritualpure.com\/wp-content\/uploads\/2024\/09\/painting_of_a_dove_carrying_an_olive_branch_in_a_re5a_0000978.webp?resize=18%2C12&amp;ssl=1 18w\" sizes=\"auto, (max-width: 1000px) 100vw, 1000px\" \/><\/div><\/figure>\n<\/div><\/div>\n<\/div><\/div>\n\n\n\n\n\n<div class=\"wp-block-kadence-column kadence-column1030_e4b9f1-10\"><div class=\"kt-inside-inner-col\">\n\n<div class=\"wp-block-kadence-column kadence-column1030_3c8f01-ee\"><div class=\"kt-inside-inner-col\">\n<h2 class=\"kt-adv-heading1030_7940a5-e8 wp-block-kadence-advancedheading has-theme-palette-9-color has-text-color\" data-kb-block=\"kb-adv-heading1030_7940a5-e8\">$2 Por M\u00eas \u00e9 tudo o que \u00e9 preciso para crescer um movimento.<\/h2>\n<\/div><\/div>\n\n<\/div><\/div>\n\n\n\n<div class=\"wp-block-kadence-column kadence-column1030_9d019d-b3\"><div class=\"kt-inside-inner-col\">\n\n<div class=\"wp-block-kadence-column kadence-column1030_a99a9c-16\"><div class=\"kt-inside-inner-col\">\n<div class=\"wp-block-kadence-advancedbtn kb-buttons-wrap kb-btns1030_91fea1-79\"><\/div>\n<\/div><\/div>\n\n<\/div><\/div>\n\n\n\n\n<div class=\"wp-block-group alignfull has-global-padding is-layout-constrained wp-block-group-is-layout-constrained\">\n\n<div class=\"wp-block-kadence-column kadence-column4909_1d7202-20\"><div class=\"kt-inside-inner-col\">\n<h2 class=\"kt-adv-heading4909_6f8d35-e9 wp-block-kadence-advancedheading has-theme-palette-3-color has-text-color\" data-kb-block=\"kb-adv-heading4909_6f8d35-e9\">Miss\u00e3o em tr\u00eas palavras:<\/h2>\n<\/div><\/div>\n\n\n\n<div class=\"wp-block-kadence-column kadence-column4909_1886bf-70\"><div class=\"kt-inside-inner-col\">\n<h5 class=\"kt-adv-heading4909_ca6f0f-24 wp-block-kadence-advancedheading\" data-kb-block=\"kb-adv-heading4909_ca6f0f-24\">Ferramentas de poder crist\u00e3s<\/h5>\n<\/div><\/div>\n\n\n\n\n\n<div class=\"wp-block-kadence-column kadence-column4909_7b764b-ab\"><div class=\"kt-inside-inner-col\">\n<h2 class=\"kt-adv-heading4909_47f12e-78 wp-block-kadence-advancedheading has-theme-palette-3-color has-text-color\" data-kb-block=\"kb-adv-heading4909_47f12e-78\">Miss\u00e3o em 10 palavras:<\/h2>\n<\/div><\/div>\n\n\n\n<div class=\"wp-block-kadence-column kadence-column4909_8520a4-0d\"><div class=\"kt-inside-inner-col\">\n<h5 class=\"kt-adv-heading4909_c572fb-01 wp-block-kadence-advancedheading\" data-kb-block=\"kb-adv-heading4909_c572fb-01\">Capacitar os Crist\u00e3os Globalmente com Ferramentas Pr\u00e1ticas para Viver Vidas Crist\u00e3s Adequadas.<\/h5>\n<\/div><\/div>\n\n\n\n\n\n<div class=\"wp-block-kadence-column kadence-column4909_e5a361-5e\"><div class=\"kt-inside-inner-col\">\n<h2 class=\"kt-adv-heading4909_1aaca7-72 wp-block-kadence-advancedheading has-theme-palette-3-color has-text-color\" data-kb-block=\"kb-adv-heading4909_1aaca7-72\">Vis\u00e3o:<\/h2>\n<\/div><\/div>\n\n\n\n<div class=\"wp-block-kadence-column kadence-column4909_05fe82-44\"><div class=\"kt-inside-inner-col\">\n<h5 class=\"kt-adv-heading4909_c87361-49 wp-block-kadence-advancedheading\" data-kb-block=\"kb-adv-heading4909_c87361-49\">A fonte de informa\u00e7\u00e3o crist\u00e3 mais fidedigna, que abrange todos os temas da vida a partir de uma perspetiva de valores crist\u00e3os e com integridade crist\u00e3.<\/h5>\n<\/div><\/div>\n\n<\/div>\n\n\n\n\n<div class=\"wp-block-kadence-column kadence-column318_875853-fc inner-column-1\"><div class=\"kt-inside-inner-col\">\n<h1 class=\"kt-adv-heading318_ad1171-09 wp-block-kadence-advancedheading has-theme-palette-3-color has-text-color\" data-kb-block=\"kb-adv-heading318_ad1171-09\">As nossas cren\u00e7as<\/h1>\n<\/div><\/div>\n\n\n\n<div class=\"wp-block-kadence-column kadence-column318_fbd7d4-a9\"><div class=\"kt-inside-inner-col\">\n<h3 class=\"wp-block-heading has-large-font-size\">Cristo como exemplo a ser seguido<\/h3>\n\n\n\n<p>Cremos que o exemplo de Cristo \u00e9 aquilo por que todos devemos nos esfor\u00e7ar. Tanto no seu amor e generosidade, como na sua coragem para enfrentar a injusti\u00e7a, falar a verdade e at\u00e9 lutar quando necess\u00e1rio.<\/p>\n\n\n\n<h3 class=\"wp-block-heading has-large-font-size\">Autoridade das institui\u00e7\u00f5es eclesi\u00e1sticas<\/h3>\n\n\n\n<p>Acreditamos na autoridade das institui\u00e7\u00f5es eclesi\u00e1sticas tradicionais, tal como estabelecido pelo pr\u00f3prio Jesus (Mateus 16:19), para liderar o caminho e interpretar as escrituras e a vontade de Deus para o povo. Embora o acesso \u00e0 voz de Deus esteja dispon\u00edvel para todos, as pessoas dentro das institui\u00e7\u00f5es tradicionais da igreja s\u00e3o profissionais formados que passam todo o seu tempo dedicados a ouvir de Deus. A maioria das pessoas est\u00e1 simplesmente demasiado distra\u00edda para ouvir de Deus da mesma forma que as Autoridades da Igreja.<\/p>\n\n\n\n<h3 class=\"wp-block-heading has-large-font-size\">A evolu\u00e7\u00e3o como instrumento de Deus <\/h3>\n\n\n\n<p>Acreditamos no conceito de evolu\u00e7\u00e3o te\u00edsta, tal como aceite pela&nbsp;<a href=\"https:\/\/en.m.wikipedia.org\/wiki\/Catholic_Church\">Igreja Cat\u00f3lica<\/a>,&nbsp;<a href=\"https:\/\/en.m.wikipedia.org\/wiki\/Evangelical_Lutheran_Church_in_America\">Igreja Evang\u00e9lica Luterana na Am\u00e9rica<\/a>,&nbsp;<a href=\"https:\/\/en.m.wikipedia.org\/wiki\/Episcopal_Church_(United_States)\">Igreja Episcopal dos Estados Unidos da Am\u00e9rica<\/a>, e uma outra&nbsp;<a href=\"https:\/\/en.m.wikipedia.org\/wiki\/Mainline_(Protestant)\">protestante principal&nbsp;<\/a>denomina\u00e7\u00f5es; virtualmente todos os&nbsp;<a href=\"https:\/\/en.m.wikipedia.org\/wiki\/Judaism\">judeus&nbsp;<\/a>denomina\u00e7\u00f5es; Outros grupos religiosos que n\u00e3o t\u00eam a&nbsp;<a href=\"https:\/\/en.m.wikipedia.org\/wiki\/Biblical_literalism\">literalista<\/a>&nbsp;posi\u00e7\u00e3o acerca de algum santo&nbsp;<a href=\"https:\/\/en.m.wikipedia.org\/wiki\/Scripture\">escrituras<\/a>. V\u00e1rios literalistas b\u00edblicos aceitaram ou notaram abertura a esta postura, incluindo te\u00f3logos.&nbsp;<a href=\"https:\/\/en.m.wikipedia.org\/wiki\/Benjamin_Breckinridge_Warfield\">B.B. Warfield<\/a>&nbsp;e evangelista&nbsp;<a href=\"https:\/\/en.m.wikipedia.org\/wiki\/Billy_Graham\">Billy Graham<\/a>. Rejeitamos explicitamente a cren\u00e7a dos criacionistas da Terra jovem como atrasada e t\u00f3xica para o futuro do cristianismo.<\/p>\n\n\n\n<h3 class=\"wp-block-heading has-large-font-size\">Conten\u00e7\u00e3o do Mal<\/h3>\n\n\n\n<p>Acreditamos que o verdadeiro mal existe. Rejeitamos a ideia de&nbsp;<a href=\"https:\/\/en.wikipedia.org\/wiki\/Absence_of_good\" target=\"_blank\" rel=\"noreferrer noopener\">privatio boni<\/a>. O mal n\u00e3o \u00e9 apenas a aus\u00eancia do bem, mas uma for\u00e7a que deliberadamente procura destruir. A nossa miss\u00e3o como crist\u00e3os \u00e9 reconhecer a presen\u00e7a do mal na terra, e conter o dito mal at\u00e9 que o Senhor volte.<\/p>\n\n\n\n<h3 class=\"wp-block-heading has-large-font-size\">Satan\u00e1s como instrumento de Deus<\/h3>\n\n\n\n<p>Apesar da exist\u00eancia do mal, acreditamos que Deus governa sobre n\u00f3s com Cristo numa m\u00e3o e Satan\u00e1s na outra. Tomando uma vis\u00e3o maior e ampliada do todo, acreditamos que as maquina\u00e7\u00f5es malignas de Satan\u00e1s e a nossa luta para as conter servem para criar o crescimento da humanidade rumo \u00e0 imagem de Deus.<\/p>\n<\/div><\/div>\n\n\n\n\n\n<div class=\"wp-block-kadence-column kadence-column10408_7dc9bd-75\"><div class=\"kt-inside-inner-col\">\n<h6 class=\"kt-adv-heading10408_5c4981-6f wp-block-kadence-advancedheading has-theme-palette-1-color has-text-color\" data-kb-block=\"kb-adv-heading10408_5c4981-6f\">A SUA ALTERA\u00c7\u00c3O VIVE<\/h6>\n\n\n\n<h2 class=\"kt-adv-heading10408_5a2341-ee wp-block-kadence-advancedheading has-theme-palette-3-color has-text-color\" data-kb-block=\"kb-adv-heading10408_5a2341-ee\">O que fazemos com as suas doa\u00e7\u00f5es<\/h2>\n\n\n\n<p class=\"kt-adv-heading10408_d66766-c3 wp-block-kadence-advancedheading has-theme-palette-3-color has-text-color\" data-kb-block=\"kb-adv-heading10408_d66766-c3\">Doa\u00e7\u00f5es de pessoas como tu ajudam-nos a combater a luta justa:<\/p>\n\n\n\n\n<div class=\"wp-block-kadence-column kadence-column10408_3d5f95-e9\"><div class=\"kt-inside-inner-col\">\n<h3 class=\"kt-adv-heading10408_447fde-2d wp-block-kadence-advancedheading has-theme-palette-4-color has-text-color\" data-kb-block=\"kb-adv-heading10408_447fde-2d\">Apoio aos crist\u00e3os perseguidos<\/h3>\n\n\n\n<p class=\"kt-adv-heading10408_ec2ae6-ee wp-block-kadence-advancedheading\" data-kb-block=\"kb-adv-heading10408_ec2ae6-ee\">Todos os dias, milh\u00f5es de crist\u00e3os s\u00e3o perseguidos. Ajudamo-los a encontrar seguran\u00e7a e apoio.<\/p>\n\n\n\n<div class=\"wp-block-kadence-spacer aligncenter kt-block-spacer-10408_9e2360-40\"><div class=\"kt-block-spacer kt-block-spacer-halign-center\"><hr class=\"kt-divider\"\/><\/div><\/div>\n\n\n\n<h3 class=\"kt-adv-heading10408_85349c-4d wp-block-kadence-advancedheading has-theme-palette-4-color has-text-color\" data-kb-block=\"kb-adv-heading10408_85349c-4d\">apoiar as fam\u00edlias crist\u00e3s necessitadas<\/h3>\n\n\n\n<p class=\"kt-adv-heading10408_640cb2-63 wp-block-kadence-advancedheading\" data-kb-block=\"kb-adv-heading10408_640cb2-63\">Ajudamos as fam\u00edlias famintas com comida e ajudamos a levar as crian\u00e7as de volta \u00e0 escola.<\/p>\n<\/div><\/div>\n\n\n\n<div class=\"wp-block-kadence-column kadence-column10408_f9ea92-6f\"><div class=\"kt-inside-inner-col\">\n<figure class=\"wp-block-kadence-image kb-image10408_942fcc-f7 kb-image-is-ratio-size\"><div class=\"kb-is-ratio-image kb-image-ratio-port23\"><img data-recalc-dims=\"1\" loading=\"lazy\" decoding=\"async\" width=\"1720\" height=\"1080\" src=\"https:\/\/i0.wp.com\/spiritualpure.com\/wp-content\/uploads\/2024\/09\/watercolor_style_with_realism_jesus_holding_a_lamb_i227c2_05004.webp?resize=1720%2C1080&#038;ssl=1\" class=\"kb-img wp-image-10763\" srcset=\"https:\/\/i0.wp.com\/spiritualpure.com\/wp-content\/uploads\/2024\/09\/watercolor_style_with_realism_jesus_holding_a_lamb_i227c2_05004.webp?w=1720&amp;ssl=1 1720w, https:\/\/i0.wp.com\/spiritualpure.com\/wp-content\/uploads\/2024\/09\/watercolor_style_with_realism_jesus_holding_a_lamb_i227c2_05004.webp?resize=600%2C377&amp;ssl=1 600w, https:\/\/i0.wp.com\/spiritualpure.com\/wp-content\/uploads\/2024\/09\/watercolor_style_with_realism_jesus_holding_a_lamb_i227c2_05004.webp?resize=768%2C482&amp;ssl=1 768w, https:\/\/i0.wp.com\/spiritualpure.com\/wp-content\/uploads\/2024\/09\/watercolor_style_with_realism_jesus_holding_a_lamb_i227c2_05004.webp?resize=1536%2C964&amp;ssl=1 1536w, https:\/\/i0.wp.com\/spiritualpure.com\/wp-content\/uploads\/2024\/09\/watercolor_style_with_realism_jesus_holding_a_lamb_i227c2_05004.webp?resize=18%2C12&amp;ssl=1 18w\" sizes=\"auto, (max-width: 1000px) 100vw, 1000px\" \/><\/div><\/figure>\n\n\n\n<div class=\"wp-block-kadence-advancedbtn kb-buttons-wrap kb-btns10408_58fcde-1a\"><\/div>\n<\/div><\/div>\n\n\n\n<div class=\"wp-block-kadence-column kadence-column10408_5e47f8-10\"><div class=\"kt-inside-inner-col\">\n<h3 class=\"kt-adv-heading10408_a8dcd6-4d wp-block-kadence-advancedheading has-theme-palette-4-color has-text-color\" data-kb-block=\"kb-adv-heading10408_a8dcd6-4d\">Combater a propaga\u00e7\u00e3o do terrorismo isl\u00e2mico<\/h3>\n\n\n\n<p class=\"kt-adv-heading10408_652709-d0 wp-block-kadence-advancedheading\" data-kb-block=\"kb-adv-heading10408_652709-d0\">Os terroristas isl\u00e2micos s\u00e3o a maior amea\u00e7a ao mundo livre, e ajudamos a impedir a sua propaga\u00e7\u00e3o atrav\u00e9s do evangelismo do Evangelho.<\/p>\n\n\n\n<div class=\"wp-block-kadence-spacer aligncenter kt-block-spacer-10408_7d7e60-d2\"><div class=\"kt-block-spacer kt-block-spacer-halign-center\"><hr class=\"kt-divider\"\/><\/div><\/div>\n\n\n\n<h3 class=\"kt-adv-heading10408_335d51-65 wp-block-kadence-advancedheading has-theme-palette-4-color has-text-color\" data-kb-block=\"kb-adv-heading10408_335d51-65\">O crescimento e o evangelismo em todo o mundo<\/h3>\n\n\n\n<p class=\"kt-adv-heading10408_e2f270-97 wp-block-kadence-advancedheading\" data-kb-block=\"kb-adv-heading10408_e2f270-97\">Continuamos a crescer nos meios de comunica\u00e7\u00e3o, escrevendo conte\u00fados de qualidade para si, os nossos leitores.<\/p>\n<\/div><\/div>\n\n<\/div><\/div>\n\n\n\n\n\n<div class=\"wp-block-kadence-column kadence-column318_9e3560-36\"><div class=\"kt-inside-inner-col\">\n\n<div class=\"wp-block-kadence-column kadence-column318_765629-23\"><div class=\"kt-inside-inner-col\">\n<h2 class=\"kt-adv-heading318_1e7530-3f wp-block-kadence-advancedheading has-theme-palette-9-color has-text-color\" data-kb-block=\"kb-adv-heading318_1e7530-3f\">$2 Por M\u00eas \u00e9 tudo o que \u00e9 preciso para crescer um movimento.<\/h2>\n<\/div><\/div>\n\n<\/div><\/div>\n\n\n\n<div class=\"wp-block-kadence-column kadence-column318_5f211e-2f\"><div class=\"kt-inside-inner-col\">\n\n<div class=\"wp-block-kadence-column kadence-column318_5fc819-56\"><div class=\"kt-inside-inner-col\">\n<div class=\"wp-block-kadence-advancedbtn kb-buttons-wrap kb-btns318_a2fdd8-53\"><\/div>\n<\/div><\/div>\n\n<\/div><\/div>","protected":false},"excerpt":{"rendered":"","protected":false},"author":1,"featured_media":0,"parent":0,"menu_order":0,"comment_status":"closed","ping_status":"closed","template":"","meta":{"_acf_changed":false,"footnotes":""},"class_list":["post-318","page","type-page","status-publish","hentry"],"mb":[],"acf":[],"jetpack_sharing_enabled":true,"jetpack-related-posts":[],"jetpack_likes_enabled":true,"mfb_rest_fields":["title","wpcom_performance_report_url","jetpack_sharing_enabled","jetpack-related-posts","jetpack_likes_enabled"],"_links":{"self":[{"href":"https:\/\/spiritualpure.com\/pt\/wp-json\/wp\/v2\/pages\/318","targetHints":{"allow":["GET"]}}],"collection":[{"href":"https:\/\/spiritualpure.com\/pt\/wp-json\/wp\/v2\/pages"}],"about":[{"href":"https:\/\/spiritualpure.com\/pt\/wp-json\/wp\/v2\/types\/page"}],"author":[{"embeddable":true,"href":"https:\/\/spiritualpure.com\/pt\/wp-json\/wp\/v2\/users\/1"}],"replies":[{"embeddable":true,"href":"https:\/\/spiritualpure.com\/pt\/wp-json\/wp\/v2\/comments?post=318"}],"version-history":[{"count":0,"href":"https:\/\/spiritualpure.com\/pt\/wp-json\/wp\/v2\/pages\/318\/revisions"}],"wp:attachment":[{"href":"https:\/\/spiritualpure.com\/pt\/wp-json\/wp\/v2\/media?parent=318"}],"curies":[{"name":"wp","href":"https:\/\/api.w.org\/{rel}","templated":true}]}}