{"id":7,"date":"2022-05-05T15:47:43","date_gmt":"2022-05-05T15:47:43","guid":{"rendered":"https:\/\/startertemplatecloud.com\/g23\/?page_id=7"},"modified":"2025-04-01T16:03:10","modified_gmt":"2025-04-01T16:03:10","slug":"home","status":"publish","type":"page","link":"https:\/\/spiritualpure.com\/pt\/","title":{"rendered":"In\u00edcio"},"content":{"rendered":"<div class=\"wp-block-group alignfull is-layout-flow wp-block-group-is-layout-flow\" style=\"margin-top:0;margin-bottom:0;padding-top:calc( 0.5 * var(--wp--style--root--padding-right, var(--wp--custom--gap--horizontal)));padding-right:var(--wp--style--root--padding-right, var(--wp--custom--gap--horizontal));padding-bottom:calc( 0.5 * var(--wp--style--root--padding-right, var(--wp--custom--gap--horizontal)));padding-left:var(--wp--style--root--padding-left, var(--wp--custom--gap--horizontal))\">\n<div style=\"height:calc( 0.25 * var(--wp--style--root--padding-right, var(--wp--custom--gap--horizontal)))\" aria-hidden=\"true\" class=\"wp-block-spacer\"><\/div>\n\n\n\n<div class=\"wp-block-group has-background has-global-padding is-layout-constrained wp-container-core-group-is-layout-a788cced wp-block-group-is-layout-constrained\" style=\"background:radial-gradient(rgb(0,143,126) 0%,rgb(0,89,79) 100%);padding-top:var(--wp--preset--spacing--80);padding-bottom:var(--wp--preset--spacing--80)\">\n<h2 class=\"wp-block-heading alignwide has-text-align-center has-tertiary-color has-text-color has-link-color has-xx-large-font-size wp-elements-73514dbd12b5cbd81cf9d49e11dd4e67\">Encontre a sua cura<\/h2>\n\n\n\n<p class=\"has-text-align-center has-background-color has-text-color has-link-color wp-elements-a0f3821df568da86f3ca94d46c2abdcc\">Encontre a clareza, a paz e a for\u00e7a interior. Explore ferramentas pr\u00e1ticas e insights inspiradores para a sua viagem espiritual, concebidos para ajud\u00e1-lo a viver uma vida mais aut\u00eantica e gratificante.<\/p>\n<\/div>\n<\/div>\n\n\n\n<div class=\"wp-block-group alignfull has-global-padding is-layout-constrained wp-block-group-is-layout-constrained\"><ul class=\"wp-block-latest-posts__list is-grid columns-2 alignwide wp-block-latest-posts\"><li><a class=\"wp-block-latest-posts__post-title\" href=\"https:\/\/spiritualpure.com\/pt\/crystals\/sunstone-its-light-and-healing-power\/\">Pedra solar: A sua Luz e o seu Poder de Cura<\/a><\/li>\n<li><a class=\"wp-block-latest-posts__post-title\" href=\"https:\/\/spiritualpure.com\/pt\/crystals\/spiritual-meaning-of-hematite\/\">Cristais: A hematita \u00e9 espiritualmente significativa al\u00e9m da cura?<\/a><\/li>\n<li><a class=\"wp-block-latest-posts__post-title\" href=\"https:\/\/spiritualpure.com\/pt\/numerology\/angel-number-8888-meaning\/\">Numerologia: O que o anjo n\u00famero 8888 significa para si?<\/a><\/li>\n<li><a class=\"wp-block-latest-posts__post-title\" href=\"https:\/\/spiritualpure.com\/pt\/crystals\/spiritual-meaning-of-tigers-eye\/\">Cristais: Qual \u00e9 o significado espiritual do olho de tigre?<\/a><\/li>\n<li><a class=\"wp-block-latest-posts__post-title\" href=\"https:\/\/spiritualpure.com\/pt\/numerology\/spiritual-significance-angel-number-9\/\">Numerologia: Qual \u00e9 o significado espiritual do anjo n\u00famero 9?<\/a><\/li>\n<li><a class=\"wp-block-latest-posts__post-title\" href=\"https:\/\/spiritualpure.com\/pt\/crystals\/labradorite-key-properties\/\">Cristais: O que faz da Labradorite uma Pedra M\u00e1gica?<\/a><\/li>\n<li><a class=\"wp-block-latest-posts__post-title\" href=\"https:\/\/spiritualpure.com\/pt\/numerology\/angel-number-2222-meaning\/\">Numerologia: O que significa o n\u00famero 2222?<\/a><\/li>\n<li><a class=\"wp-block-latest-posts__post-title\" href=\"https:\/\/spiritualpure.com\/pt\/numerology\/angel-numbers\/555-angel-number-meaning\/\">N\u00fameros dos Anjos: O que significa o 555 espiritualmente?<\/a><\/li>\n<li><a class=\"wp-block-latest-posts__post-title\" href=\"https:\/\/spiritualpure.com\/pt\/numerology\/spiritual-meaning-angel-number-711\/\">Numerologia: Qual \u00e9 o significado espiritual do anjo n\u00famero 711?<\/a><\/li>\n<li><a class=\"wp-block-latest-posts__post-title\" href=\"https:\/\/spiritualpure.com\/pt\/crystals\/what-is-tourmaline\/\">Cristais: A turmalina \u00e9 apenas uma pedra preciosa?<\/a><\/li>\n<li><a class=\"wp-block-latest-posts__post-title\" href=\"https:\/\/spiritualpure.com\/pt\/crystals\/taurus-birthstone\/\">Cristais: O que \u00e9 a Pedra de Nascimento Tradicional de Touro?<\/a><\/li>\n<li><a class=\"wp-block-latest-posts__post-title\" href=\"https:\/\/spiritualpure.com\/pt\/crystals\/carnelian-basics-properties\/\">Cristais: Quais S\u00e3o Os Benef\u00edcios Espirituais De Carnelian?<\/a><\/li>\n<li><a class=\"wp-block-latest-posts__post-title\" href=\"https:\/\/spiritualpure.com\/pt\/numerology\/spiritual-meaning-angel-number-101\/\">Numerologia: O que o anjo n\u00famero 101 significa espiritualmente?<\/a><\/li>\n<li><a class=\"wp-block-latest-posts__post-title\" href=\"https:\/\/spiritualpure.com\/pt\/numerology\/spiritual-meaning-angel-number-11\/\">Numerologia: Qual \u00e9 a import\u00e2ncia espiritual do n\u00famero 11?<\/a><\/li>\n<li><a class=\"wp-block-latest-posts__post-title\" href=\"https:\/\/spiritualpure.com\/pt\/crystals\/obsidian-formation-spiritual-meaning\/\">Cristais: Como a obsidiana \u00e9 formada e usada espiritualmente?<\/a><\/li>\n<li><a class=\"wp-block-latest-posts__post-title\" href=\"https:\/\/spiritualpure.com\/pt\/numerology\/angel-numbers\/angel-number-3-significance\/\">N\u00fameros dos Anjos: O que o anjo n\u00famero 3 significa espiritualmente?<\/a><\/li>\n<li><a class=\"wp-block-latest-posts__post-title\" href=\"https:\/\/spiritualpure.com\/pt\/numerology\/spiritual-meaning-angel-number-23\/\">Numerologia: O que o anjo n\u00famero 23 significa espiritualmente?<\/a><\/li>\n<li><a class=\"wp-block-latest-posts__post-title\" href=\"https:\/\/spiritualpure.com\/pt\/numerology\/spiritual-meaning-angel-number-24\/\">Numerologia: O que o anjo n\u00famero 24 significa espiritualmente?<\/a><\/li>\n<li><a class=\"wp-block-latest-posts__post-title\" href=\"https:\/\/spiritualpure.com\/pt\/crystals\/what-is-sunstone-properties\/\">Cristais: Quais s\u00e3o as principais propriedades da Pedra Solar?<\/a><\/li>\n<li><a class=\"wp-block-latest-posts__post-title\" href=\"https:\/\/spiritualpure.com\/pt\/astrology\/5th-house-astrology-meaning\/\">Astrologia: O que a 5a Casa revela sobre si?<\/a><\/li>\n<\/ul><\/div>","protected":false},"excerpt":{"rendered":"<p>Encontre a sua cura Encontre a clareza, a paz e a for\u00e7a interior. Explore ferramentas pr\u00e1ticas e insights inspiradores para a sua viagem espiritual, concebidos para ajud\u00e1-lo a viver uma vida mais aut\u00eantica e gratificante.<\/p>","protected":false},"author":1,"featured_media":0,"parent":0,"menu_order":0,"comment_status":"closed","ping_status":"closed","template":"","meta":{"_acf_changed":false,"footnotes":""},"class_list":["post-7","page","type-page","status-publish","hentry"],"mb":[],"acf":[],"jetpack_sharing_enabled":true,"jetpack-related-posts":[],"jetpack_likes_enabled":true,"mfb_rest_fields":["title","wpcom_performance_report_url","jetpack_sharing_enabled","jetpack-related-posts","jetpack_likes_enabled"],"_links":{"self":[{"href":"https:\/\/spiritualpure.com\/pt\/wp-json\/wp\/v2\/pages\/7","targetHints":{"allow":["GET"]}}],"collection":[{"href":"https:\/\/spiritualpure.com\/pt\/wp-json\/wp\/v2\/pages"}],"about":[{"href":"https:\/\/spiritualpure.com\/pt\/wp-json\/wp\/v2\/types\/page"}],"author":[{"embeddable":true,"href":"https:\/\/spiritualpure.com\/pt\/wp-json\/wp\/v2\/users\/1"}],"replies":[{"embeddable":true,"href":"https:\/\/spiritualpure.com\/pt\/wp-json\/wp\/v2\/comments?post=7"}],"version-history":[{"count":9,"href":"https:\/\/spiritualpure.com\/pt\/wp-json\/wp\/v2\/pages\/7\/revisions"}],"predecessor-version":[{"id":22196,"href":"https:\/\/spiritualpure.com\/pt\/wp-json\/wp\/v2\/pages\/7\/revisions\/22196"}],"wp:attachment":[{"href":"https:\/\/spiritualpure.com\/pt\/wp-json\/wp\/v2\/media?parent=7"}],"curies":[{"name":"wp","href":"https:\/\/api.w.org\/{rel}","templated":true}]}}